{"id":973,"date":"2021-11-11T15:29:00","date_gmt":"2021-11-11T15:29:00","guid":{"rendered":"https:\/\/dierre.cloud\/?page_id=973"},"modified":"2022-03-04T10:07:48","modified_gmt":"2022-03-04T10:07:48","slug":"progetto-fesr","status":"publish","type":"page","link":"https:\/\/www.dierre.cloud\/?page_id=973","title":{"rendered":"PROGETTO FESR"},"content":{"rendered":"\n<div class=\"wp-block-image is-style-default\"><figure class=\"aligncenter size-full is-resized\"><img decoding=\"async\" loading=\"lazy\" src=\"https:\/\/www.dierre.cloud\/wp-content\/uploads\/2021\/11\/Immagine2-1.png\" alt=\"\" class=\"wp-image-1003\" width=\"470\" height=\"53\" srcset=\"https:\/\/www.dierre.cloud\/wp-content\/uploads\/2021\/11\/Immagine2-1.png 878w, https:\/\/www.dierre.cloud\/wp-content\/uploads\/2021\/11\/Immagine2-1-300x34.png 300w, https:\/\/www.dierre.cloud\/wp-content\/uploads\/2021\/11\/Immagine2-1-768x87.png 768w\" sizes=\"(max-width: 470px) 100vw, 470px\" \/><\/figure><\/div>\n\n\n\n<p class=\"has-text-align-center\" style=\"font-size:30px\"><strong>PROGETTO COFINANZIATO DALL&#8217;UNIONE EUROPEA<\/strong><\/p>\n\n\n\n<p class=\"has-text-align-center\"><strong>Contributi per il sostegno dei processi di digitalizzazione delle imprese del Lazio &#8211; DIGITAL IMPRESA LAZIO<\/strong><\/p>\n\n\n\n<p class=\"has-text-align-left\">La Sistemi Informativi usufruendo del <strong>Fondo Europeo di Sviluppo Regionale<\/strong>, che ha riconosciuto, a fronte di un importo complessivo del Progetto pari ad Euro 18.285,00, un sostegno finanziario di <strong>Euro 9.142,50<\/strong>,  ha realizzato un progetto per la gestione delle attivit\u00e0 di assistenza e consulenza erogate ai propri clienti.<\/p>\n\n\n\n<div class=\"wp-block-image is-style-default\"><figure class=\"aligncenter\"><img decoding=\"async\" src=\"https:\/\/www.dierre.cloud\/wp-content\/uploads\/2021\/12\/Gestione-Tickets.png\" alt=\"Questa immagine ha l'attributo alt vuoto; il nome del file \u00e8 Gestione-Tickets.png\"\/><\/figure><\/div>\n\n\n\n<p class=\"has-text-align-left\">Il progetto, denominato <strong>\u201cRealizzazione di una piattaforma web integrata con software ERP per la Sistemi Informativi\u201d ,<\/strong> \u00e8 realizzato su una piattaforma web alla quale pu\u00f2 accedere sia il personale che svolge le attivit\u00e0 di consulenza che i clienti per richiedere assistenza e consultare lo stato dei ticket a loro imputati. Questo per facilitare il rapporto con gli interlocutori e velocizzare i processi. Inoltre l\u2019applicazione web \u00e8 stata integrata con il gestionale per l\u2019acquisizione delle attivit\u00e0 svolte, automatizzando i processi di consuntivazione. <\/p>\n\n\n\n<p><\/p>\n\n\n\n<p>Attraverso il portale web lo <span class=\"has-inline-color has-vivid-cyan-blue-color\">STAFF<\/span> dell&#8217;azienda, accedendo con proprie credenziali nell&#8217;area riservata, pu\u00f2 gestire tutte le attivit\u00e0 tecniche da espletare, monitorare le richieste di assistenza sino al loro completamento, inserire appuntamenti e scadenze in agenda, assegnare l\u2019attivit\u00e0 al tecnico di riferimento, configurare le credenziali di accesso alla piattaforma  del cliente e molto altro.<\/p>\n\n\n\n<p class=\"has-text-align-left\">Dallo stesso portale il <span class=\"has-inline-color has-vivid-cyan-blue-color\">CLIENTE<\/span>, accedendo con proprie credenziali nell\u2019area riservata, pu\u00f2 inoltrare richieste di assistenza, monitorarne lo stato, verificare i tickets a lui imputati e configurare in completa autonomia gli utenti che usufruiranno del servizio.<\/p>\n\n\n\n<p class=\"has-text-align-left\">Molte sono le funzionalit\u00e0 della piattaforma ma quello che rende il nostro progetto cos\u00ec interessante \u00e8 la sua integrazione con software ERP.<\/p>\n\n\n\n<p class=\"has-text-align-left\">Grazie ad una verticalizzazione su gestionale Ad Hoc Revolution, \u00e8 possibile sincronizzare tutte le attivit\u00e0 tecniche presenti sulla piattaforma web.<\/p>\n\n\n\n<p class=\"has-text-align-left\">Dopo aver sincronizzato i dati dal portale web si potr\u00e0 procedere al controllo, alla modifica e alla consuntivazione dell&#8217;attivit\u00e0 svolta.  <\/p>\n\n\n\n<div class=\"wp-block-image is-style-default\"><figure class=\"alignright size-full is-resized\"><a href=\"http:\/\/www.lazioeuropa.it\/\"><img decoding=\"async\" loading=\"lazy\" src=\"https:\/\/www.dierre.cloud\/wp-content\/uploads\/2021\/12\/Link-CE-2Immagine.png\" alt=\"\" class=\"wp-image-1074\" width=\"88\" height=\"24\"\/><\/a><\/figure><\/div>\n\n\n\n<p><\/p>\n","protected":false},"excerpt":{"rendered":"<p>PROGETTO COFINANZIATO DALL&#8217;UNIONE EUROPEA Contributi per il sostegno dei processi di digitalizzazione delle imprese del Lazio &#8211; DIGITAL IMPRESA LAZIO La Sistemi Informativi usufruendo del Fondo Europeo di Sviluppo Regionale, che ha riconosciuto, a fronte di un importo complessivo del Progetto pari ad Euro 18.285,00, un sostegno finanziario di Euro 9.142,50, ha realizzato un progetto&hellip; <br \/> <a class=\"read-more\" href=\"https:\/\/www.dierre.cloud\/?page_id=973\">Leggi tutto<\/a><\/p>\n","protected":false},"author":2,"featured_media":0,"parent":0,"menu_order":0,"comment_status":"closed","ping_status":"closed","template":"","meta":{"footnotes":""},"yoast_head":"<!-- This site is optimized with the Yoast SEO plugin v17.5 - https:\/\/yoast.com\/wordpress\/plugins\/seo\/ -->\n<title>PROGETTO FESR -<\/title>\n<meta name=\"robots\" content=\"index, follow, max-snippet:-1, max-image-preview:large, max-video-preview:-1\" \/>\n<link rel=\"canonical\" href=\"https:\/\/www.dierre.cloud\/?page_id=973\" \/>\n<meta property=\"og:locale\" content=\"it_IT\" \/>\n<meta property=\"og:type\" content=\"article\" \/>\n<meta property=\"og:title\" content=\"PROGETTO FESR -\" \/>\n<meta property=\"og:description\" content=\"PROGETTO COFINANZIATO DALL&#8217;UNIONE EUROPEA Contributi per il sostegno dei processi di digitalizzazione delle imprese del Lazio &#8211; DIGITAL IMPRESA LAZIO La Sistemi Informativi usufruendo del Fondo Europeo di Sviluppo Regionale, che ha riconosciuto, a fronte di un importo complessivo del Progetto pari ad Euro 18.285,00, un sostegno finanziario di Euro 9.142,50, ha realizzato un progetto&hellip; Leggi tutto\" \/>\n<meta property=\"og:url\" content=\"https:\/\/www.dierre.cloud\/?page_id=973\" \/>\n<meta property=\"article:modified_time\" content=\"2022-03-04T10:07:48+00:00\" \/>\n<meta property=\"og:image\" content=\"https:\/\/www.dierre.cloud\/wp-content\/uploads\/2021\/11\/Immagine2-1.png\" \/>\n<meta name=\"twitter:card\" content=\"summary_large_image\" \/>\n<meta name=\"twitter:label1\" content=\"Tempo di lettura stimato\" \/>\n\t<meta name=\"twitter:data1\" content=\"2 minuti\" \/>\n<script type=\"application\/ld+json\" class=\"yoast-schema-graph\">{\"@context\":\"https:\/\/schema.org\",\"@graph\":[{\"@type\":\"WebSite\",\"@id\":\"https:\/\/www.dierre.cloud\/#website\",\"url\":\"https:\/\/www.dierre.cloud\/\",\"name\":\"\",\"description\":\"\",\"potentialAction\":[{\"@type\":\"SearchAction\",\"target\":{\"@type\":\"EntryPoint\",\"urlTemplate\":\"https:\/\/www.dierre.cloud\/?s={search_term_string}\"},\"query-input\":\"required name=search_term_string\"}],\"inLanguage\":\"it-IT\"},{\"@type\":\"ImageObject\",\"@id\":\"https:\/\/www.dierre.cloud\/?page_id=973#primaryimage\",\"inLanguage\":\"it-IT\",\"url\":\"https:\/\/www.dierre.cloud\/wp-content\/uploads\/2021\/11\/Immagine2-1.png\",\"contentUrl\":\"https:\/\/www.dierre.cloud\/wp-content\/uploads\/2021\/11\/Immagine2-1.png\",\"width\":878,\"height\":100},{\"@type\":\"WebPage\",\"@id\":\"https:\/\/www.dierre.cloud\/?page_id=973#webpage\",\"url\":\"https:\/\/www.dierre.cloud\/?page_id=973\",\"name\":\"PROGETTO FESR -\",\"isPartOf\":{\"@id\":\"https:\/\/www.dierre.cloud\/#website\"},\"primaryImageOfPage\":{\"@id\":\"https:\/\/www.dierre.cloud\/?page_id=973#primaryimage\"},\"datePublished\":\"2021-11-11T15:29:00+00:00\",\"dateModified\":\"2022-03-04T10:07:48+00:00\",\"breadcrumb\":{\"@id\":\"https:\/\/www.dierre.cloud\/?page_id=973#breadcrumb\"},\"inLanguage\":\"it-IT\",\"potentialAction\":[{\"@type\":\"ReadAction\",\"target\":[\"https:\/\/www.dierre.cloud\/?page_id=973\"]}]},{\"@type\":\"BreadcrumbList\",\"@id\":\"https:\/\/www.dierre.cloud\/?page_id=973#breadcrumb\",\"itemListElement\":[{\"@type\":\"ListItem\",\"position\":1,\"name\":\"Home\",\"item\":\"https:\/\/www.dierre.cloud\/\"},{\"@type\":\"ListItem\",\"position\":2,\"name\":\"PROGETTO FESR\"}]}]}<\/script>\n<!-- \/ Yoast SEO plugin. -->","yoast_head_json":{"title":"PROGETTO FESR -","robots":{"index":"index","follow":"follow","max-snippet":"max-snippet:-1","max-image-preview":"max-image-preview:large","max-video-preview":"max-video-preview:-1"},"canonical":"https:\/\/www.dierre.cloud\/?page_id=973","og_locale":"it_IT","og_type":"article","og_title":"PROGETTO FESR -","og_description":"PROGETTO COFINANZIATO DALL&#8217;UNIONE EUROPEA Contributi per il sostegno dei processi di digitalizzazione delle imprese del Lazio &#8211; DIGITAL IMPRESA LAZIO La Sistemi Informativi usufruendo del Fondo Europeo di Sviluppo Regionale, che ha riconosciuto, a fronte di un importo complessivo del Progetto pari ad Euro 18.285,00, un sostegno finanziario di Euro 9.142,50, ha realizzato un progetto&hellip; Leggi tutto","og_url":"https:\/\/www.dierre.cloud\/?page_id=973","article_modified_time":"2022-03-04T10:07:48+00:00","og_image":[{"url":"https:\/\/www.dierre.cloud\/wp-content\/uploads\/2021\/11\/Immagine2-1.png"}],"twitter_card":"summary_large_image","twitter_misc":{"Tempo di lettura stimato":"2 minuti"},"schema":{"@context":"https:\/\/schema.org","@graph":[{"@type":"WebSite","@id":"https:\/\/www.dierre.cloud\/#website","url":"https:\/\/www.dierre.cloud\/","name":"","description":"","potentialAction":[{"@type":"SearchAction","target":{"@type":"EntryPoint","urlTemplate":"https:\/\/www.dierre.cloud\/?s={search_term_string}"},"query-input":"required name=search_term_string"}],"inLanguage":"it-IT"},{"@type":"ImageObject","@id":"https:\/\/www.dierre.cloud\/?page_id=973#primaryimage","inLanguage":"it-IT","url":"https:\/\/www.dierre.cloud\/wp-content\/uploads\/2021\/11\/Immagine2-1.png","contentUrl":"https:\/\/www.dierre.cloud\/wp-content\/uploads\/2021\/11\/Immagine2-1.png","width":878,"height":100},{"@type":"WebPage","@id":"https:\/\/www.dierre.cloud\/?page_id=973#webpage","url":"https:\/\/www.dierre.cloud\/?page_id=973","name":"PROGETTO FESR -","isPartOf":{"@id":"https:\/\/www.dierre.cloud\/#website"},"primaryImageOfPage":{"@id":"https:\/\/www.dierre.cloud\/?page_id=973#primaryimage"},"datePublished":"2021-11-11T15:29:00+00:00","dateModified":"2022-03-04T10:07:48+00:00","breadcrumb":{"@id":"https:\/\/www.dierre.cloud\/?page_id=973#breadcrumb"},"inLanguage":"it-IT","potentialAction":[{"@type":"ReadAction","target":["https:\/\/www.dierre.cloud\/?page_id=973"]}]},{"@type":"BreadcrumbList","@id":"https:\/\/www.dierre.cloud\/?page_id=973#breadcrumb","itemListElement":[{"@type":"ListItem","position":1,"name":"Home","item":"https:\/\/www.dierre.cloud\/"},{"@type":"ListItem","position":2,"name":"PROGETTO FESR"}]}]}},"_links":{"self":[{"href":"https:\/\/www.dierre.cloud\/index.php?rest_route=\/wp\/v2\/pages\/973"}],"collection":[{"href":"https:\/\/www.dierre.cloud\/index.php?rest_route=\/wp\/v2\/pages"}],"about":[{"href":"https:\/\/www.dierre.cloud\/index.php?rest_route=\/wp\/v2\/types\/page"}],"author":[{"embeddable":true,"href":"https:\/\/www.dierre.cloud\/index.php?rest_route=\/wp\/v2\/users\/2"}],"replies":[{"embeddable":true,"href":"https:\/\/www.dierre.cloud\/index.php?rest_route=%2Fwp%2Fv2%2Fcomments&post=973"}],"version-history":[{"count":27,"href":"https:\/\/www.dierre.cloud\/index.php?rest_route=\/wp\/v2\/pages\/973\/revisions"}],"predecessor-version":[{"id":1188,"href":"https:\/\/www.dierre.cloud\/index.php?rest_route=\/wp\/v2\/pages\/973\/revisions\/1188"}],"wp:attachment":[{"href":"https:\/\/www.dierre.cloud\/index.php?rest_route=%2Fwp%2Fv2%2Fmedia&parent=973"}],"curies":[{"name":"wp","href":"https:\/\/api.w.org\/{rel}","templated":true}]}}