{"id":95,"date":"2021-04-14T12:37:12","date_gmt":"2021-04-14T12:37:12","guid":{"rendered":"https:\/\/dierre.cloud\/?page_id=95"},"modified":"2021-05-17T13:46:10","modified_gmt":"2021-05-17T13:46:10","slug":"i-revolution","status":"publish","type":"page","link":"https:\/\/www.dierre.cloud\/?page_id=95","title":{"rendered":"I.REVOLUTION"},"content":{"rendered":"\n<p><em><span class=\"has-inline-color has-vivid-cyan-blue-color\"><strong>I.REVOLUTION<\/strong><\/span><\/em><strong> <\/strong>\u00e8 il nuovo gestionale esteso che nasce dall&#8217;unione dell&#8217;ERP&nbsp;<strong>Ad Hoc Revolution<\/strong>&nbsp;e di&nbsp;<strong>Infinity Zucchetti<\/strong>, la suite software web per l&#8217;azienda completamente digitale.<br><\/p>\n\n\n\n<div class=\"wp-block-image is-style-default\"><figure class=\"aligncenter size-large is-resized\"><a href=\"https:\/\/www.zucchetti.it\/website\/dms\/website\/prodotti\/sw\/Gestionali\/brochure\/Presentazione%20I.REVOLUTION.pdf\"><img decoding=\"async\" loading=\"lazy\" src=\"https:\/\/www.dierre.cloud\/wp-content\/uploads\/2021\/04\/Icona-I.REVOLUTION.-1024x576.jpg\" alt=\"\" class=\"wp-image-627\" width=\"291\" height=\"163\" srcset=\"https:\/\/www.dierre.cloud\/wp-content\/uploads\/2021\/04\/Icona-I.REVOLUTION.-1024x576.jpg 1024w, https:\/\/www.dierre.cloud\/wp-content\/uploads\/2021\/04\/Icona-I.REVOLUTION.-300x169.jpg 300w, https:\/\/www.dierre.cloud\/wp-content\/uploads\/2021\/04\/Icona-I.REVOLUTION.-768x432.jpg 768w, https:\/\/www.dierre.cloud\/wp-content\/uploads\/2021\/04\/Icona-I.REVOLUTION..jpg 1280w\" sizes=\"(max-width: 291px) 100vw, 291px\" \/><\/a><\/figure><\/div>\n\n\n\n<p>La completezza funzionale del gestionale&nbsp;<strong>Ad Hoc Revolution&nbsp;<\/strong>si arricchisce di&nbsp;nuove funzionalit\u00e0 di:<\/p>\n\n\n\n<ul><li><strong>Collaborazione aziendale<\/strong>&nbsp;per favorire la comunicazione,la condivisione e la collaborazione in all&#8217;interno e all&#8217;esterno dell&#8217;azienda. (<em>Infinity Application Framework<\/em>)<\/li><li><strong>Gestione documentale&nbsp;<\/strong>per creare un archivio documenti completamente digitale: meno carta, ricerca intelligente. (<em>Infinity DMS<\/em>)<\/li><li><strong>Customer Relationship Management<\/strong>&nbsp;per conoscere i propri clienti, catalogarli, fare azioni promozionali e tracciare le attivit\u00e0 commerciali collegate. (<em>Infinity CRM<\/em>).<\/li><\/ul>\n\n\n\n<p><\/p>\n\n\n\n<p class=\"has-text-align-center\"><a><span class=\"has-inline-color has-black-color\"><strong>FUNZIONALIT\u00c0<\/strong><\/span><\/a>:<\/p>\n\n\n\n<p><span class=\"has-inline-color has-black-color\"><strong>COLLABORAZIONE AZIENDALE<\/strong><\/span><\/p>\n\n\n\n<p><strong>MY DESK<\/strong>: la \u201cscrivania virtuale\u201d \u00e8 liberamente configurabile da ciascun utente che pu\u00f2 scegliere quali dati visualizzare, selezionando e disponendo appositi gadget anche su pi\u00f9 pagine.&nbsp;I numerosi gadget, che possono essere scelti da un elenco suddiviso per area applicativa\/categoria, forniscono immediatamente un dato di sintesi su una determinata entit\u00e0 e possono riferirsi sia a dati presenti in Infinity che a dati presenti in ad hoc Revolution, rendendoli disponibili sempre, ovunque ed in tempo reale.Il dato di sintesi (ad esempio il numero di ordini da evadere, il numero di clienti in contenzioso, il valore delle scadenze da incassare, ecc.) rappresentato dai gadget relativi ad ad hoc Revolution pu\u00f2 essere esploso nel dettaglio verificando da cosa \u00e8 determinato.<br><br><strong>POSTA<\/strong>:&nbsp;il client di posta elettronica \u00e8 perfettamente integrato ed utilizzabile in modo trasparente sia da ad hoc Revolution che da Infinity e quindi anche da dispositivi \u201cmobile\u201d. Le mail sono sempre disponibili ovunque e sono classificabili attraverso semplici regole che elaborano automaticamente tutti i messaggi che transitano sull\u2019account di posta. Le mail scambiate con clienti e fornitori, ma non solo, saranno relazionate automaticamente ai soggetti corrispondenti e quindi rintracciabili e visualizzabili partendo dalla corrispondente anagrafica.<\/p>\n\n\n\n<p><strong>SCHEDA INFINITY<\/strong>: la scheda Infinity, rappresenta il \u201cfascicolo\u201d completo di tutto ci\u00f2 che attiene ad un particolare soggetto (ad esempio cliente o fornitore) o elemento (ad esempio un articolo). Tutti i dati di ad hoc Revolution e di Infinity sono cos\u00ec raccolti in un\u2019unica gestione sempre accessibile e con dati aggiornati in tempo reale. Specifici gadget sulla scheda cliente permettono di avere a disposizione ovunque tutti i dati essenziali ed utili all\u2019utente: situazione delle partite\/scadenze, del rischio, dei contenziosi, delle provvigioni, dei documenti in essere (suddivisi per tipologia) e sulle vendite.<br><\/p>\n\n\n\n<p><span class=\"has-inline-color has-black-color\"><strong>AREA DOCUMENTALE<\/strong><\/span><\/p>\n\n\n\n<p><strong>INFINITY DMS&nbsp;<\/strong>permette di avere a disposizione sempre ed ovunque tutti i documenti prodotti o archiviati sia tramite ad hoc Revolution (ad esempio, PDF documenti, immagini articoli, \u2026) che tramite Infinity (ad esempio, mail, crm) e di averli automaticamente relazionati all\u2019entit\u00e0 di riferimento. I documenti di un cliente sono visualizzabili immediatamente dalla scheda cliente di Infinity, dalla gestione cliente di ad hoc Revolution, dagli elenchi dei documenti di Infinity dove la presenza di un documento archiviato \u00e8 evidenziato dalla presenza di una graffetta.<\/p>\n\n\n\n<p><span class=\"has-inline-color has-black-color\"><strong>CUSTOMER RELATIONSHIP MANAGEMENT (CRM)<\/strong><\/span><\/p>\n\n\n\n<p><strong>CRM Marketing<\/strong>: consente la gestione delle attivit\u00e0 di telemarketing, promozioni, giri visite, mail, demo prodotti, campagne, ecc. che vengono svolte dai commerciali dell\u2019azienda (interni, agenti, collaboratori) e che coinvolgono sia semplici nominativi (clienti potenziali), sia i clienti gi\u00e0 acquisiti.<\/p>\n\n\n\n<p><strong>CRM Sales<\/strong>: consente la gestione avanzata delle trattative commerciali, delle opportunit\u00e0\/offerte, ordini CRM, storico operazioni, funzionalit\u00e0 di analisi anche tramite dashboard operative. Ordini e offerte possono essere inseriti ovunque in Infinity utilizzando tutti i dati di ad hoc Revolution, non solo in termini di articoli e relativi codici di ricerca, ma anche di prezzi, sconti, contratti determinati in tempo reale in base a quanto definito sul gestionale.<br><br><strong>CRM Support<\/strong>:&nbsp;consente di gestire l&#8217;assistenza post-vendita tramite la configurazione di centri servizi addetti al supporto. La gestione dei tickets consente di tracciare tutte le operazioni svolte, dalla ricezione di una richiesta di assistenza alla sua evasione.&nbsp;<\/p>\n\n\n\n<p>Le funzionalit\u00e0 di&nbsp;<strong>COLLABORAZIONE<\/strong>,&nbsp;<strong>GESTIONE DOCUMENTI<\/strong>&nbsp;e&nbsp;<strong>CRM<\/strong>&nbsp;sono organizzate in diverse configurazioni: l&#8217;azienda pu\u00f2 scegliere quale configurazione si addice meglio alle proprie esigenze, senza dover acquistare necessariamente il pacchetto completo.<br><\/p>\n","protected":false},"excerpt":{"rendered":"<p>I.REVOLUTION \u00e8 il nuovo gestionale esteso che nasce dall&#8217;unione dell&#8217;ERP&nbsp;Ad Hoc Revolution&nbsp;e di&nbsp;Infinity Zucchetti, la suite software web per l&#8217;azienda completamente digitale. La completezza funzionale del gestionale&nbsp;Ad Hoc Revolution&nbsp;si arricchisce di&nbsp;nuove funzionalit\u00e0 di: Collaborazione aziendale&nbsp;per favorire la comunicazione,la condivisione e la collaborazione in all&#8217;interno e all&#8217;esterno dell&#8217;azienda. (Infinity Application Framework) Gestione documentale&nbsp;per creare un archivio&hellip; <br \/> <a class=\"read-more\" href=\"https:\/\/www.dierre.cloud\/?page_id=95\">Leggi tutto<\/a><\/p>\n","protected":false},"author":2,"featured_media":0,"parent":0,"menu_order":0,"comment_status":"closed","ping_status":"closed","template":"","meta":{"footnotes":""},"yoast_head":"<!-- This site is optimized with the Yoast SEO plugin v17.5 - https:\/\/yoast.com\/wordpress\/plugins\/seo\/ -->\n<title>I.REVOLUTION -<\/title>\n<meta name=\"robots\" content=\"index, follow, max-snippet:-1, max-image-preview:large, max-video-preview:-1\" \/>\n<link rel=\"canonical\" href=\"https:\/\/www.dierre.cloud\/?page_id=95\" \/>\n<meta property=\"og:locale\" content=\"it_IT\" \/>\n<meta property=\"og:type\" content=\"article\" \/>\n<meta property=\"og:title\" content=\"I.REVOLUTION -\" \/>\n<meta property=\"og:description\" content=\"I.REVOLUTION \u00e8 il nuovo gestionale esteso che nasce dall&#8217;unione dell&#8217;ERP&nbsp;Ad Hoc Revolution&nbsp;e di&nbsp;Infinity Zucchetti, la suite software web per l&#8217;azienda completamente digitale. La completezza funzionale del gestionale&nbsp;Ad Hoc Revolution&nbsp;si arricchisce di&nbsp;nuove funzionalit\u00e0 di: Collaborazione aziendale&nbsp;per favorire la comunicazione,la condivisione e la collaborazione in all&#8217;interno e all&#8217;esterno dell&#8217;azienda. (Infinity Application Framework) Gestione documentale&nbsp;per creare un archivio&hellip; Leggi tutto\" \/>\n<meta property=\"og:url\" content=\"https:\/\/www.dierre.cloud\/?page_id=95\" \/>\n<meta property=\"article:modified_time\" content=\"2021-05-17T13:46:10+00:00\" \/>\n<meta property=\"og:image\" content=\"https:\/\/www.dierre.cloud\/wp-content\/uploads\/2021\/04\/Icona-I.REVOLUTION.-1024x576.jpg\" \/>\n<meta name=\"twitter:card\" content=\"summary_large_image\" \/>\n<meta name=\"twitter:label1\" content=\"Tempo di lettura stimato\" \/>\n\t<meta name=\"twitter:data1\" content=\"3 minuti\" \/>\n<script type=\"application\/ld+json\" class=\"yoast-schema-graph\">{\"@context\":\"https:\/\/schema.org\",\"@graph\":[{\"@type\":\"WebSite\",\"@id\":\"https:\/\/www.dierre.cloud\/#website\",\"url\":\"https:\/\/www.dierre.cloud\/\",\"name\":\"\",\"description\":\"\",\"potentialAction\":[{\"@type\":\"SearchAction\",\"target\":{\"@type\":\"EntryPoint\",\"urlTemplate\":\"https:\/\/www.dierre.cloud\/?s={search_term_string}\"},\"query-input\":\"required name=search_term_string\"}],\"inLanguage\":\"it-IT\"},{\"@type\":\"ImageObject\",\"@id\":\"https:\/\/www.dierre.cloud\/?page_id=95#primaryimage\",\"inLanguage\":\"it-IT\",\"url\":\"https:\/\/www.dierre.cloud\/wp-content\/uploads\/2021\/04\/Icona-I.REVOLUTION..jpg\",\"contentUrl\":\"https:\/\/www.dierre.cloud\/wp-content\/uploads\/2021\/04\/Icona-I.REVOLUTION..jpg\",\"width\":1280,\"height\":720},{\"@type\":\"WebPage\",\"@id\":\"https:\/\/www.dierre.cloud\/?page_id=95#webpage\",\"url\":\"https:\/\/www.dierre.cloud\/?page_id=95\",\"name\":\"I.REVOLUTION -\",\"isPartOf\":{\"@id\":\"https:\/\/www.dierre.cloud\/#website\"},\"primaryImageOfPage\":{\"@id\":\"https:\/\/www.dierre.cloud\/?page_id=95#primaryimage\"},\"datePublished\":\"2021-04-14T12:37:12+00:00\",\"dateModified\":\"2021-05-17T13:46:10+00:00\",\"breadcrumb\":{\"@id\":\"https:\/\/www.dierre.cloud\/?page_id=95#breadcrumb\"},\"inLanguage\":\"it-IT\",\"potentialAction\":[{\"@type\":\"ReadAction\",\"target\":[\"https:\/\/www.dierre.cloud\/?page_id=95\"]}]},{\"@type\":\"BreadcrumbList\",\"@id\":\"https:\/\/www.dierre.cloud\/?page_id=95#breadcrumb\",\"itemListElement\":[{\"@type\":\"ListItem\",\"position\":1,\"name\":\"Home\",\"item\":\"https:\/\/www.dierre.cloud\/\"},{\"@type\":\"ListItem\",\"position\":2,\"name\":\"I.REVOLUTION\"}]}]}<\/script>\n<!-- \/ Yoast SEO plugin. -->","yoast_head_json":{"title":"I.REVOLUTION -","robots":{"index":"index","follow":"follow","max-snippet":"max-snippet:-1","max-image-preview":"max-image-preview:large","max-video-preview":"max-video-preview:-1"},"canonical":"https:\/\/www.dierre.cloud\/?page_id=95","og_locale":"it_IT","og_type":"article","og_title":"I.REVOLUTION -","og_description":"I.REVOLUTION \u00e8 il nuovo gestionale esteso che nasce dall&#8217;unione dell&#8217;ERP&nbsp;Ad Hoc Revolution&nbsp;e di&nbsp;Infinity Zucchetti, la suite software web per l&#8217;azienda completamente digitale. La completezza funzionale del gestionale&nbsp;Ad Hoc Revolution&nbsp;si arricchisce di&nbsp;nuove funzionalit\u00e0 di: Collaborazione aziendale&nbsp;per favorire la comunicazione,la condivisione e la collaborazione in all&#8217;interno e all&#8217;esterno dell&#8217;azienda. (Infinity Application Framework) Gestione documentale&nbsp;per creare un archivio&hellip; Leggi tutto","og_url":"https:\/\/www.dierre.cloud\/?page_id=95","article_modified_time":"2021-05-17T13:46:10+00:00","og_image":[{"url":"https:\/\/www.dierre.cloud\/wp-content\/uploads\/2021\/04\/Icona-I.REVOLUTION.-1024x576.jpg"}],"twitter_card":"summary_large_image","twitter_misc":{"Tempo di lettura stimato":"3 minuti"},"schema":{"@context":"https:\/\/schema.org","@graph":[{"@type":"WebSite","@id":"https:\/\/www.dierre.cloud\/#website","url":"https:\/\/www.dierre.cloud\/","name":"","description":"","potentialAction":[{"@type":"SearchAction","target":{"@type":"EntryPoint","urlTemplate":"https:\/\/www.dierre.cloud\/?s={search_term_string}"},"query-input":"required name=search_term_string"}],"inLanguage":"it-IT"},{"@type":"ImageObject","@id":"https:\/\/www.dierre.cloud\/?page_id=95#primaryimage","inLanguage":"it-IT","url":"https:\/\/www.dierre.cloud\/wp-content\/uploads\/2021\/04\/Icona-I.REVOLUTION..jpg","contentUrl":"https:\/\/www.dierre.cloud\/wp-content\/uploads\/2021\/04\/Icona-I.REVOLUTION..jpg","width":1280,"height":720},{"@type":"WebPage","@id":"https:\/\/www.dierre.cloud\/?page_id=95#webpage","url":"https:\/\/www.dierre.cloud\/?page_id=95","name":"I.REVOLUTION -","isPartOf":{"@id":"https:\/\/www.dierre.cloud\/#website"},"primaryImageOfPage":{"@id":"https:\/\/www.dierre.cloud\/?page_id=95#primaryimage"},"datePublished":"2021-04-14T12:37:12+00:00","dateModified":"2021-05-17T13:46:10+00:00","breadcrumb":{"@id":"https:\/\/www.dierre.cloud\/?page_id=95#breadcrumb"},"inLanguage":"it-IT","potentialAction":[{"@type":"ReadAction","target":["https:\/\/www.dierre.cloud\/?page_id=95"]}]},{"@type":"BreadcrumbList","@id":"https:\/\/www.dierre.cloud\/?page_id=95#breadcrumb","itemListElement":[{"@type":"ListItem","position":1,"name":"Home","item":"https:\/\/www.dierre.cloud\/"},{"@type":"ListItem","position":2,"name":"I.REVOLUTION"}]}]}},"_links":{"self":[{"href":"https:\/\/www.dierre.cloud\/index.php?rest_route=\/wp\/v2\/pages\/95"}],"collection":[{"href":"https:\/\/www.dierre.cloud\/index.php?rest_route=\/wp\/v2\/pages"}],"about":[{"href":"https:\/\/www.dierre.cloud\/index.php?rest_route=\/wp\/v2\/types\/page"}],"author":[{"embeddable":true,"href":"https:\/\/www.dierre.cloud\/index.php?rest_route=\/wp\/v2\/users\/2"}],"replies":[{"embeddable":true,"href":"https:\/\/www.dierre.cloud\/index.php?rest_route=%2Fwp%2Fv2%2Fcomments&post=95"}],"version-history":[{"count":10,"href":"https:\/\/www.dierre.cloud\/index.php?rest_route=\/wp\/v2\/pages\/95\/revisions"}],"predecessor-version":[{"id":872,"href":"https:\/\/www.dierre.cloud\/index.php?rest_route=\/wp\/v2\/pages\/95\/revisions\/872"}],"wp:attachment":[{"href":"https:\/\/www.dierre.cloud\/index.php?rest_route=%2Fwp%2Fv2%2Fmedia&parent=95"}],"curies":[{"name":"wp","href":"https:\/\/api.w.org\/{rel}","templated":true}]}}