{"id":92,"date":"2021-04-14T12:37:11","date_gmt":"2021-04-14T12:37:11","guid":{"rendered":"https:\/\/dierre.cloud\/?page_id=92"},"modified":"2021-05-17T13:42:31","modified_gmt":"2021-05-17T13:42:31","slug":"ad-hoc-revolution","status":"publish","type":"page","link":"https:\/\/www.dierre.cloud\/?page_id=92","title":{"rendered":"AD HOC REVOLUTION"},"content":{"rendered":"\n<p><strong><em><span class=\"has-inline-color has-vivid-cyan-blue-color\">AD HOC REVOLUTION<\/span><\/em><\/strong> \u00e8 il gestionale aziendale\u00a0Zucchetti,\u00a0<strong>modulare e scalabile<\/strong>, che soddisfa le necessit\u00e0 della tua media o grande impresa riducendo tempi e costi di gestione.<\/p>\n\n\n\n<div class=\"wp-block-image is-style-default\"><figure class=\"aligncenter size-large is-resized\"><a href=\"https:\/\/cdn.flipsnack.com\/widget\/v2\/widget.html?hash=fdk86800p&amp;bgcolor=EEEEEE&amp;t=1538745240\"><img decoding=\"async\" loading=\"lazy\" src=\"https:\/\/www.dierre.cloud\/wp-content\/uploads\/2021\/04\/Icona-AD-HOC-REVOLUTION-1024x576.jpg\" alt=\"\" class=\"wp-image-613\" width=\"337\" height=\"189\" srcset=\"https:\/\/www.dierre.cloud\/wp-content\/uploads\/2021\/04\/Icona-AD-HOC-REVOLUTION-1024x576.jpg 1024w, https:\/\/www.dierre.cloud\/wp-content\/uploads\/2021\/04\/Icona-AD-HOC-REVOLUTION-300x169.jpg 300w, https:\/\/www.dierre.cloud\/wp-content\/uploads\/2021\/04\/Icona-AD-HOC-REVOLUTION-768x432.jpg 768w, https:\/\/www.dierre.cloud\/wp-content\/uploads\/2021\/04\/Icona-AD-HOC-REVOLUTION.jpg 1280w\" sizes=\"(max-width: 337px) 100vw, 337px\" \/><\/a><\/figure><\/div>\n\n\n\n<p>Grazie a questo software aziendale&nbsp;<strong>gestisci&nbsp;con un unico strumento,&nbsp;affidabile, performante e tecnologicamente avanzato<\/strong>: amministrazione, contabilit\u00e0, controllo di gestione, vendite, acquisti, logistica e produzione.<\/p>\n\n\n\n<p>Le&nbsp;<strong>numerose possibilit\u00e0 di personalizzazione<\/strong>, di modularit\u00e0 e di integrazione con altri software ne fanno un gestionale aziendale sempre all\u2019altezza delle tue esigenze e a misura della tua azienda.<\/p>\n\n\n\n<p>Gli oltre 40 moduli di cui si compone l\u2019offerta Ah Hoc Revolution ti consentono di&nbsp;<strong>rispondere in modo appropriato alle esigenze di un\u2019azienda in costante crescita<\/strong>&nbsp;e, quindi, con problematiche gestionali ogni volta diverse. Puoi cos\u00ec decidere di acquistare in un primo momento i moduli che ritieni essenziali alla tua attivit\u00e0, riservandoti la possibilit\u00e0 di integrarli con altri pi\u00f9 specifici successivamente.<\/p>\n\n\n\n<div class=\"wp-block-image is-style-default\"><figure class=\"aligncenter size-large\"><img decoding=\"async\" loading=\"lazy\" width=\"768\" height=\"556\" src=\"https:\/\/www.dierre.cloud\/wp-content\/uploads\/2021\/04\/software_gestionale_AHR_moduli.png\" alt=\"\" class=\"wp-image-504\" srcset=\"https:\/\/www.dierre.cloud\/wp-content\/uploads\/2021\/04\/software_gestionale_AHR_moduli.png 768w, https:\/\/www.dierre.cloud\/wp-content\/uploads\/2021\/04\/software_gestionale_AHR_moduli-300x217.png 300w\" sizes=\"(max-width: 768px) 100vw, 768px\" \/><\/figure><\/div>\n","protected":false},"excerpt":{"rendered":"<p>AD HOC REVOLUTION \u00e8 il gestionale aziendale\u00a0Zucchetti,\u00a0modulare e scalabile, che soddisfa le necessit\u00e0 della tua media o grande impresa riducendo tempi e costi di gestione. Grazie a questo software aziendale&nbsp;gestisci&nbsp;con un unico strumento,&nbsp;affidabile, performante e tecnologicamente avanzato: amministrazione, contabilit\u00e0, controllo di gestione, vendite, acquisti, logistica e produzione. Le&nbsp;numerose possibilit\u00e0 di personalizzazione, di modularit\u00e0 e di&hellip; <br \/> <a class=\"read-more\" href=\"https:\/\/www.dierre.cloud\/?page_id=92\">Leggi tutto<\/a><\/p>\n","protected":false},"author":2,"featured_media":0,"parent":0,"menu_order":0,"comment_status":"closed","ping_status":"closed","template":"","meta":{"footnotes":""},"yoast_head":"<!-- This site is optimized with the Yoast SEO plugin v17.5 - https:\/\/yoast.com\/wordpress\/plugins\/seo\/ -->\n<title>AD HOC REVOLUTION -<\/title>\n<meta name=\"robots\" content=\"index, follow, max-snippet:-1, max-image-preview:large, max-video-preview:-1\" \/>\n<link rel=\"canonical\" href=\"https:\/\/www.dierre.cloud\/?page_id=92\" \/>\n<meta property=\"og:locale\" content=\"it_IT\" \/>\n<meta property=\"og:type\" content=\"article\" \/>\n<meta property=\"og:title\" content=\"AD HOC REVOLUTION -\" \/>\n<meta property=\"og:description\" content=\"AD HOC REVOLUTION \u00e8 il gestionale aziendale\u00a0Zucchetti,\u00a0modulare e scalabile, che soddisfa le necessit\u00e0 della tua media o grande impresa riducendo tempi e costi di gestione. Grazie a questo software aziendale&nbsp;gestisci&nbsp;con un unico strumento,&nbsp;affidabile, performante e tecnologicamente avanzato: amministrazione, contabilit\u00e0, controllo di gestione, vendite, acquisti, logistica e produzione. Le&nbsp;numerose possibilit\u00e0 di personalizzazione, di modularit\u00e0 e di&hellip; Leggi tutto\" \/>\n<meta property=\"og:url\" content=\"https:\/\/www.dierre.cloud\/?page_id=92\" \/>\n<meta property=\"article:modified_time\" content=\"2021-05-17T13:42:31+00:00\" \/>\n<meta property=\"og:image\" content=\"https:\/\/www.dierre.cloud\/wp-content\/uploads\/2021\/04\/Icona-AD-HOC-REVOLUTION-1024x576.jpg\" \/>\n<meta name=\"twitter:card\" content=\"summary_large_image\" \/>\n<meta name=\"twitter:label1\" content=\"Tempo di lettura stimato\" \/>\n\t<meta name=\"twitter:data1\" content=\"1 minuto\" \/>\n<script type=\"application\/ld+json\" class=\"yoast-schema-graph\">{\"@context\":\"https:\/\/schema.org\",\"@graph\":[{\"@type\":\"WebSite\",\"@id\":\"https:\/\/www.dierre.cloud\/#website\",\"url\":\"https:\/\/www.dierre.cloud\/\",\"name\":\"\",\"description\":\"\",\"potentialAction\":[{\"@type\":\"SearchAction\",\"target\":{\"@type\":\"EntryPoint\",\"urlTemplate\":\"https:\/\/www.dierre.cloud\/?s={search_term_string}\"},\"query-input\":\"required name=search_term_string\"}],\"inLanguage\":\"it-IT\"},{\"@type\":\"ImageObject\",\"@id\":\"https:\/\/www.dierre.cloud\/?page_id=92#primaryimage\",\"inLanguage\":\"it-IT\",\"url\":\"https:\/\/www.dierre.cloud\/wp-content\/uploads\/2021\/04\/Icona-AD-HOC-REVOLUTION.jpg\",\"contentUrl\":\"https:\/\/www.dierre.cloud\/wp-content\/uploads\/2021\/04\/Icona-AD-HOC-REVOLUTION.jpg\",\"width\":1280,\"height\":720},{\"@type\":\"WebPage\",\"@id\":\"https:\/\/www.dierre.cloud\/?page_id=92#webpage\",\"url\":\"https:\/\/www.dierre.cloud\/?page_id=92\",\"name\":\"AD HOC REVOLUTION -\",\"isPartOf\":{\"@id\":\"https:\/\/www.dierre.cloud\/#website\"},\"primaryImageOfPage\":{\"@id\":\"https:\/\/www.dierre.cloud\/?page_id=92#primaryimage\"},\"datePublished\":\"2021-04-14T12:37:11+00:00\",\"dateModified\":\"2021-05-17T13:42:31+00:00\",\"breadcrumb\":{\"@id\":\"https:\/\/www.dierre.cloud\/?page_id=92#breadcrumb\"},\"inLanguage\":\"it-IT\",\"potentialAction\":[{\"@type\":\"ReadAction\",\"target\":[\"https:\/\/www.dierre.cloud\/?page_id=92\"]}]},{\"@type\":\"BreadcrumbList\",\"@id\":\"https:\/\/www.dierre.cloud\/?page_id=92#breadcrumb\",\"itemListElement\":[{\"@type\":\"ListItem\",\"position\":1,\"name\":\"Home\",\"item\":\"https:\/\/www.dierre.cloud\/\"},{\"@type\":\"ListItem\",\"position\":2,\"name\":\"AD HOC REVOLUTION\"}]}]}<\/script>\n<!-- \/ Yoast SEO plugin. -->","yoast_head_json":{"title":"AD HOC REVOLUTION -","robots":{"index":"index","follow":"follow","max-snippet":"max-snippet:-1","max-image-preview":"max-image-preview:large","max-video-preview":"max-video-preview:-1"},"canonical":"https:\/\/www.dierre.cloud\/?page_id=92","og_locale":"it_IT","og_type":"article","og_title":"AD HOC REVOLUTION -","og_description":"AD HOC REVOLUTION \u00e8 il gestionale aziendale\u00a0Zucchetti,\u00a0modulare e scalabile, che soddisfa le necessit\u00e0 della tua media o grande impresa riducendo tempi e costi di gestione. Grazie a questo software aziendale&nbsp;gestisci&nbsp;con un unico strumento,&nbsp;affidabile, performante e tecnologicamente avanzato: amministrazione, contabilit\u00e0, controllo di gestione, vendite, acquisti, logistica e produzione. Le&nbsp;numerose possibilit\u00e0 di personalizzazione, di modularit\u00e0 e di&hellip; Leggi tutto","og_url":"https:\/\/www.dierre.cloud\/?page_id=92","article_modified_time":"2021-05-17T13:42:31+00:00","og_image":[{"url":"https:\/\/www.dierre.cloud\/wp-content\/uploads\/2021\/04\/Icona-AD-HOC-REVOLUTION-1024x576.jpg"}],"twitter_card":"summary_large_image","twitter_misc":{"Tempo di lettura stimato":"1 minuto"},"schema":{"@context":"https:\/\/schema.org","@graph":[{"@type":"WebSite","@id":"https:\/\/www.dierre.cloud\/#website","url":"https:\/\/www.dierre.cloud\/","name":"","description":"","potentialAction":[{"@type":"SearchAction","target":{"@type":"EntryPoint","urlTemplate":"https:\/\/www.dierre.cloud\/?s={search_term_string}"},"query-input":"required name=search_term_string"}],"inLanguage":"it-IT"},{"@type":"ImageObject","@id":"https:\/\/www.dierre.cloud\/?page_id=92#primaryimage","inLanguage":"it-IT","url":"https:\/\/www.dierre.cloud\/wp-content\/uploads\/2021\/04\/Icona-AD-HOC-REVOLUTION.jpg","contentUrl":"https:\/\/www.dierre.cloud\/wp-content\/uploads\/2021\/04\/Icona-AD-HOC-REVOLUTION.jpg","width":1280,"height":720},{"@type":"WebPage","@id":"https:\/\/www.dierre.cloud\/?page_id=92#webpage","url":"https:\/\/www.dierre.cloud\/?page_id=92","name":"AD HOC REVOLUTION -","isPartOf":{"@id":"https:\/\/www.dierre.cloud\/#website"},"primaryImageOfPage":{"@id":"https:\/\/www.dierre.cloud\/?page_id=92#primaryimage"},"datePublished":"2021-04-14T12:37:11+00:00","dateModified":"2021-05-17T13:42:31+00:00","breadcrumb":{"@id":"https:\/\/www.dierre.cloud\/?page_id=92#breadcrumb"},"inLanguage":"it-IT","potentialAction":[{"@type":"ReadAction","target":["https:\/\/www.dierre.cloud\/?page_id=92"]}]},{"@type":"BreadcrumbList","@id":"https:\/\/www.dierre.cloud\/?page_id=92#breadcrumb","itemListElement":[{"@type":"ListItem","position":1,"name":"Home","item":"https:\/\/www.dierre.cloud\/"},{"@type":"ListItem","position":2,"name":"AD HOC REVOLUTION"}]}]}},"_links":{"self":[{"href":"https:\/\/www.dierre.cloud\/index.php?rest_route=\/wp\/v2\/pages\/92"}],"collection":[{"href":"https:\/\/www.dierre.cloud\/index.php?rest_route=\/wp\/v2\/pages"}],"about":[{"href":"https:\/\/www.dierre.cloud\/index.php?rest_route=\/wp\/v2\/types\/page"}],"author":[{"embeddable":true,"href":"https:\/\/www.dierre.cloud\/index.php?rest_route=\/wp\/v2\/users\/2"}],"replies":[{"embeddable":true,"href":"https:\/\/www.dierre.cloud\/index.php?rest_route=%2Fwp%2Fv2%2Fcomments&post=92"}],"version-history":[{"count":21,"href":"https:\/\/www.dierre.cloud\/index.php?rest_route=\/wp\/v2\/pages\/92\/revisions"}],"predecessor-version":[{"id":867,"href":"https:\/\/www.dierre.cloud\/index.php?rest_route=\/wp\/v2\/pages\/92\/revisions\/867"}],"wp:attachment":[{"href":"https:\/\/www.dierre.cloud\/index.php?rest_route=%2Fwp%2Fv2%2Fmedia&parent=92"}],"curies":[{"name":"wp","href":"https:\/\/api.w.org\/{rel}","templated":true}]}}