{"id":77,"date":"2021-04-14T12:37:11","date_gmt":"2021-04-14T12:37:11","guid":{"rendered":"https:\/\/dierre.cloud\/?page_id=77"},"modified":"2021-05-25T08:19:00","modified_gmt":"2021-05-25T08:19:00","slug":"chi-siamo","status":"publish","type":"page","link":"https:\/\/www.dierre.cloud\/?page_id=77","title":{"rendered":"CHI SIAMO"},"content":{"rendered":"\n<p class=\"has-text-align-left has-medium-font-size\">La nostra azienda  da oltre 20 anni \u00e8 specializzata nella vendita e nell\u2019assistenza di software gestionali rivolti soprattutto alle piccole e medie imprese.<\/p>\n\n\n\n<p class=\"has-text-align-left has-medium-font-size\">Da sempre si occupa di fornire\u00a0le migliori soluzioni di software gestionali, adatte ad ogni realt\u00e0 aziendale.<\/p>\n\n\n\n<p class=\"has-text-align-left has-medium-font-size\">Siamo  partner Zucchetti<em> <\/em>dal 1998 ed offriamo ai nostri  clienti soluzioni innovative, affidabili e personalizzabili adatte a soddisfare ogni esigenza.<\/p>\n\n\n\n<p class=\"has-text-align-left has-medium-font-size\">Ci occupiamo inoltre della progettazione, dello sviluppo e della gestione di software personalizzati, e-commerce, siti web nonch\u00e9 di fornire direttamente servizi di formazione e assistenza ai nostri clienti al fine di garantire il corretto funzionamento dei software installati.<\/p>\n\n\n\n<p class=\"has-text-align-left has-medium-font-size\">La professionalit\u00e0 ed affidabilit\u00e0 che ci contraddistingue ci ha fatto raggiungere nel corso degli anni ottimi risultati, sono sempre di pi\u00f9 le aziende che si rivolgono a noi per la gestione dei loro dati. <\/p>\n\n\n\n<p class=\"has-text-align-left\"><\/p>\n","protected":false},"excerpt":{"rendered":"<p>La nostra azienda da oltre 20 anni \u00e8 specializzata nella vendita e nell\u2019assistenza di software gestionali rivolti soprattutto alle piccole e medie imprese. Da sempre si occupa di fornire\u00a0le migliori soluzioni di software gestionali, adatte ad ogni realt\u00e0 aziendale. Siamo partner Zucchetti dal 1998 ed offriamo ai nostri clienti soluzioni innovative, affidabili e personalizzabili adatte&hellip; <br \/> <a class=\"read-more\" href=\"https:\/\/www.dierre.cloud\/?page_id=77\">Leggi tutto<\/a><\/p>\n","protected":false},"author":1,"featured_media":0,"parent":0,"menu_order":0,"comment_status":"closed","ping_status":"closed","template":"","meta":{"footnotes":""},"yoast_head":"<!-- This site is optimized with the Yoast SEO plugin v17.5 - https:\/\/yoast.com\/wordpress\/plugins\/seo\/ -->\n<title>CHI SIAMO -<\/title>\n<meta name=\"robots\" content=\"index, follow, max-snippet:-1, max-image-preview:large, max-video-preview:-1\" \/>\n<link rel=\"canonical\" href=\"https:\/\/www.dierre.cloud\/?page_id=77\" \/>\n<meta property=\"og:locale\" content=\"it_IT\" \/>\n<meta property=\"og:type\" content=\"article\" \/>\n<meta property=\"og:title\" content=\"CHI SIAMO -\" \/>\n<meta property=\"og:description\" content=\"La nostra azienda da oltre 20 anni \u00e8 specializzata nella vendita e nell\u2019assistenza di software gestionali rivolti soprattutto alle piccole e medie imprese. Da sempre si occupa di fornire\u00a0le migliori soluzioni di software gestionali, adatte ad ogni realt\u00e0 aziendale. Siamo partner Zucchetti dal 1998 ed offriamo ai nostri clienti soluzioni innovative, affidabili e personalizzabili adatte&hellip; Leggi tutto\" \/>\n<meta property=\"og:url\" content=\"https:\/\/www.dierre.cloud\/?page_id=77\" \/>\n<meta property=\"article:modified_time\" content=\"2021-05-25T08:19:00+00:00\" \/>\n<meta name=\"twitter:card\" content=\"summary_large_image\" \/>\n<meta name=\"twitter:label1\" content=\"Tempo di lettura stimato\" \/>\n\t<meta name=\"twitter:data1\" content=\"1 minuto\" \/>\n<script type=\"application\/ld+json\" class=\"yoast-schema-graph\">{\"@context\":\"https:\/\/schema.org\",\"@graph\":[{\"@type\":\"WebSite\",\"@id\":\"https:\/\/www.dierre.cloud\/#website\",\"url\":\"https:\/\/www.dierre.cloud\/\",\"name\":\"\",\"description\":\"\",\"potentialAction\":[{\"@type\":\"SearchAction\",\"target\":{\"@type\":\"EntryPoint\",\"urlTemplate\":\"https:\/\/www.dierre.cloud\/?s={search_term_string}\"},\"query-input\":\"required name=search_term_string\"}],\"inLanguage\":\"it-IT\"},{\"@type\":\"WebPage\",\"@id\":\"https:\/\/www.dierre.cloud\/?page_id=77#webpage\",\"url\":\"https:\/\/www.dierre.cloud\/?page_id=77\",\"name\":\"CHI SIAMO -\",\"isPartOf\":{\"@id\":\"https:\/\/www.dierre.cloud\/#website\"},\"datePublished\":\"2021-04-14T12:37:11+00:00\",\"dateModified\":\"2021-05-25T08:19:00+00:00\",\"breadcrumb\":{\"@id\":\"https:\/\/www.dierre.cloud\/?page_id=77#breadcrumb\"},\"inLanguage\":\"it-IT\",\"potentialAction\":[{\"@type\":\"ReadAction\",\"target\":[\"https:\/\/www.dierre.cloud\/?page_id=77\"]}]},{\"@type\":\"BreadcrumbList\",\"@id\":\"https:\/\/www.dierre.cloud\/?page_id=77#breadcrumb\",\"itemListElement\":[{\"@type\":\"ListItem\",\"position\":1,\"name\":\"Home\",\"item\":\"https:\/\/www.dierre.cloud\/\"},{\"@type\":\"ListItem\",\"position\":2,\"name\":\"CHI SIAMO\"}]}]}<\/script>\n<!-- \/ Yoast SEO plugin. -->","yoast_head_json":{"title":"CHI SIAMO -","robots":{"index":"index","follow":"follow","max-snippet":"max-snippet:-1","max-image-preview":"max-image-preview:large","max-video-preview":"max-video-preview:-1"},"canonical":"https:\/\/www.dierre.cloud\/?page_id=77","og_locale":"it_IT","og_type":"article","og_title":"CHI SIAMO -","og_description":"La nostra azienda da oltre 20 anni \u00e8 specializzata nella vendita e nell\u2019assistenza di software gestionali rivolti soprattutto alle piccole e medie imprese. Da sempre si occupa di fornire\u00a0le migliori soluzioni di software gestionali, adatte ad ogni realt\u00e0 aziendale. Siamo partner Zucchetti dal 1998 ed offriamo ai nostri clienti soluzioni innovative, affidabili e personalizzabili adatte&hellip; Leggi tutto","og_url":"https:\/\/www.dierre.cloud\/?page_id=77","article_modified_time":"2021-05-25T08:19:00+00:00","twitter_card":"summary_large_image","twitter_misc":{"Tempo di lettura stimato":"1 minuto"},"schema":{"@context":"https:\/\/schema.org","@graph":[{"@type":"WebSite","@id":"https:\/\/www.dierre.cloud\/#website","url":"https:\/\/www.dierre.cloud\/","name":"","description":"","potentialAction":[{"@type":"SearchAction","target":{"@type":"EntryPoint","urlTemplate":"https:\/\/www.dierre.cloud\/?s={search_term_string}"},"query-input":"required name=search_term_string"}],"inLanguage":"it-IT"},{"@type":"WebPage","@id":"https:\/\/www.dierre.cloud\/?page_id=77#webpage","url":"https:\/\/www.dierre.cloud\/?page_id=77","name":"CHI SIAMO -","isPartOf":{"@id":"https:\/\/www.dierre.cloud\/#website"},"datePublished":"2021-04-14T12:37:11+00:00","dateModified":"2021-05-25T08:19:00+00:00","breadcrumb":{"@id":"https:\/\/www.dierre.cloud\/?page_id=77#breadcrumb"},"inLanguage":"it-IT","potentialAction":[{"@type":"ReadAction","target":["https:\/\/www.dierre.cloud\/?page_id=77"]}]},{"@type":"BreadcrumbList","@id":"https:\/\/www.dierre.cloud\/?page_id=77#breadcrumb","itemListElement":[{"@type":"ListItem","position":1,"name":"Home","item":"https:\/\/www.dierre.cloud\/"},{"@type":"ListItem","position":2,"name":"CHI SIAMO"}]}]}},"_links":{"self":[{"href":"https:\/\/www.dierre.cloud\/index.php?rest_route=\/wp\/v2\/pages\/77"}],"collection":[{"href":"https:\/\/www.dierre.cloud\/index.php?rest_route=\/wp\/v2\/pages"}],"about":[{"href":"https:\/\/www.dierre.cloud\/index.php?rest_route=\/wp\/v2\/types\/page"}],"author":[{"embeddable":true,"href":"https:\/\/www.dierre.cloud\/index.php?rest_route=\/wp\/v2\/users\/1"}],"replies":[{"embeddable":true,"href":"https:\/\/www.dierre.cloud\/index.php?rest_route=%2Fwp%2Fv2%2Fcomments&post=77"}],"version-history":[{"count":12,"href":"https:\/\/www.dierre.cloud\/index.php?rest_route=\/wp\/v2\/pages\/77\/revisions"}],"predecessor-version":[{"id":931,"href":"https:\/\/www.dierre.cloud\/index.php?rest_route=\/wp\/v2\/pages\/77\/revisions\/931"}],"wp:attachment":[{"href":"https:\/\/www.dierre.cloud\/index.php?rest_route=%2Fwp%2Fv2%2Fmedia&parent=77"}],"curies":[{"name":"wp","href":"https:\/\/api.w.org\/{rel}","templated":true}]}}