{"id":546,"date":"2021-04-28T14:21:16","date_gmt":"2021-04-28T14:21:16","guid":{"rendered":"https:\/\/dierre.cloud\/?page_id=546"},"modified":"2021-04-28T14:22:40","modified_gmt":"2021-04-28T14:22:40","slug":"funzionalita","status":"publish","type":"page","link":"https:\/\/www.dierre.cloud\/?page_id=546","title":{"rendered":"FUNZIONALITA&#8217;"},"content":{"rendered":"\n<h2 class=\"has-text-align-center has-large-font-size wp-block-heading\"><span style=\"color:#7c0606\" class=\"has-inline-color\">Funzionalit\u00e0<\/span><\/h2>\n\n\n\n<p class=\"has-medium-font-size\"><img decoding=\"async\" src=\"http:\/\/www.cnrservice.it\/sites\/default\/files\/AdHocCantina\/banner_amministrazione.png\" alt=\"\"><br>L\u2019Area Amministrazione e Finanza di Ad Hoc Cantina comprende tutti i moduli e le funzionalit\u00e0 richieste per la gestione delle problematiche contabili e fiscali, di incassi e pagamenti, dei conti correnti e la gestione del contenzioso.<\/p>\n\n\n\n<p class=\"has-medium-font-size\"><span style=\"color:#7c0606\" class=\"has-inline-color\"><strong>CONTABILITA\u2019 E FINANZA <\/strong><\/span><br>Il modulo gestisce tutte le registrazioni contabili, con o senza Iva, con aggiornamento in tempo reale delle partite\/scadenze . Da queste registrazioni verranno prodotte sia le scritture obbligatorie per legge (Libro Giornale, Mastrini, Registri Iva, Liquidazioni Iva, Bilanci di verifica e civilistici, ecc.) sia quelle ausiliarie. \u00c8 prevista la contabilizzazione automatica dei documenti attivi e passivi, delle distinte bancarie di incasso\/pagamento (inclusa la chiusura anticipata dei clienti e l\u2019apertura del conto effetti attivi), degli insoluti, degli acconti emessi e ricevuti e delle movimentazioni legate ai cespiti ammortizzabili. \u00c8 inoltre possibile elaborare estratti conto cliente ed analizzare il cash flow preventivo. Di particolare interesse la possibilit\u00e0 di generare automaticamente le scritture di assestamento di fine periodo o esercizio: ratei, risconti, fatture da emettere\/ricevere, rimanenze finali e quote di ammortamento.<\/p>\n\n\n\n<p class=\"has-medium-font-size\"><img decoding=\"async\" src=\"http:\/\/www.cnrservice.it\/sites\/default\/files\/AdHocCantina\/banner_controllo_gestione.png\" alt=\"\">Ad Hoc Cantina mette a disposizione funzioni avanzate per il controllo di gestione attraverso il modulo di&nbsp;<strong>contabilit\u00e0 analitica<\/strong>&nbsp;che permette di verificare il raggiungimento degli obiettivi pianificati e lo scostamento con i risultati ottenuti in un certo periodo, in modo da intervenire con opportune azioni correttive.&nbsp;<strong>L\u2019analisi di bilancio<\/strong>&nbsp;completa gli strumenti a disposizione per ottimizzare il controllo sull\u2019andamento dell\u2019azienda.<\/p>\n\n\n\n<p class=\"has-medium-font-size\"><img decoding=\"async\" src=\"http:\/\/www.cnrservice.it\/sites\/default\/files\/AdHocCantina\/banner_logistica.png\" alt=\"\">La copertura delle funzioni logistiche in un\u2019azienda \u00e8 garantita dalla presenza di diversi moduli estremamente collegati: \u00e8 possibile gestire flussi operativi che interagiscono con singole funzionalit\u00e0 di ciascuno di essi. Ad esempio un ordine cliente potrebbe scaturire da un\u2019offerta. In base all\u2019impegnato di magazzino si possono generare automaticamente ordini a fornitore (proposte di acquisto) ed in seguito evadere gli ordini cliente con emissione dei documenti di trasporto e generazione automatica della fatture differite (piano fatturazione). Grazie alla tracciabilit\u00e0 (modulo ordini) \u00e8 possibile verificare sempre lo stato e le modalit\u00e0 di avanzamento degli impegni presi con i clienti.<\/p>\n\n\n\n<p class=\"has-medium-font-size\"><img decoding=\"async\" src=\"http:\/\/www.cnrservice.it\/sites\/default\/files\/AdHocCantina\/banner_cantina.png\" alt=\"\">La <span style=\"color:#7c0606\" class=\"has-inline-color\"><strong>gestione della cantina<\/strong><\/span><strong> <\/strong>\u00e8 suddivisa in moduli che permettono di gestire l\u2019intero processo produttivo dalla vinificazione all\u2019imbottigliamento\/confezionamento.<\/p>\n\n\n\n<p class=\"has-medium-font-size\"><span style=\"color:#7c0606\" class=\"has-inline-color\"><strong>CONFERIMENTI<\/strong><\/span><br>Il modulo gestisce: ingresso uva per socio, valutazione e liquidazione uve, estratto conto, libro capitale soci e generazione prestiti, catasto e denunce.<\/p>\n\n\n\n<ul class=\"has-medium-font-size\"><li>Anagrafica soci<\/li><li>Dati catastali<\/li><li>Ricezione dati da pesa<\/li><li>Caratteristiche delle uve in ingresso<\/li><li>Prezziario<\/li><li>Generazione autofatture<\/li><li>Liquidazione soci<\/li><li>Gestione contratti dello sfuso<\/li><\/ul>\n\n\n\n<p class=\"has-medium-font-size\"><span style=\"color:#7c0606\" class=\"has-inline-color\"><strong>VINIFICAZIONE, LAVORAZIONI E CERTIFICATI<\/strong><\/span><br>L\u2019applicazione gestisce tutte le attivit\u00e0 legate alla produzione del vino: dalla vinificazione delle uve, allo stoccaggio delle masse di sfuso con la gestione dei certificati.<\/p>\n\n\n\n<ul class=\"has-medium-font-size\"><li>Configurazione processo di vinificazione<\/li><li>Simulazione processo di vinificazione per partita<\/li><li>Arricchimento<\/li><li>Stampa Registro di vinificazione<\/li><\/ul>\n\n\n\n<p class=\"has-medium-font-size\"><span style=\"color:#7c0606\" class=\"has-inline-color\"><strong>IMBOTTIGLIAMENTO E CONFEZIONAMENTO<\/strong><\/span><strong> <\/strong><br>Il modulo completa il ciclo di produzione e collega il lotto di imbottigliamento con la massa utilizzata permettendo la piena tracciabilit\u00e0 del vino. La pianificazione degli imbottigliamenti viene proposta sulla base del portafoglio ordini clienti.<\/p>\n\n\n\n<ul class=\"has-medium-font-size\"><li>Richiesta parere e fascette<\/li><li>Gestione linee e pianificazione<\/li><li>Gestione tempi e costi<\/li><li>Stampa scheda<\/li><\/ul>\n\n\n\n<p class=\"has-medium-font-size\"><span style=\"color:#7c0606\" class=\"has-inline-color\"><strong>REGISTRI<\/strong><\/span><strong> <\/strong><br>Il modulo raggruppa le stampe fiscali necessarie per gli adempimenti fiscali del settore.<\/p>\n\n\n\n<ul class=\"has-medium-font-size\"><li>Registro Carico e Scarico<\/li><li>Registro Imbottigliamento<\/li><li>Registro Spumantizzazione<\/li><li>Bilancio di Cantina<\/li><li>Dichiarazione giacenza<\/li><\/ul>\n\n\n\n<p class=\"has-medium-font-size\"><span style=\"color:#7c0606\" class=\"has-inline-color\"><strong>TRACCIABILITA\u2019<\/strong><\/span><strong> <\/strong><br>Il modulo tracciabilit\u00e0 ricostruisce tutta la storia di un lotto o di una partita di vino, dall\u2019acquisto\/vendemmia dell\u2019uva fino alla vendita della singola bottiglia.<br>Il piano controlli \u00e8 integrato nella gestione cantina; per ogni operazione \u00e8 infatti possibile stampare in automatico tutta la modulistica necessaria. ( Certificati, Pareri, Fascette, \u2026)<\/p>\n\n\n\n<p class=\"has-medium-font-size\"><span style=\"color:#7c0606\" class=\"has-inline-color\"><strong>TELEMATICO ACCISA E-AD e DA<\/strong><\/span><strong> <\/strong><br>Il modulo accisa comprende tutte le funzioni necessarie alla gestione del E-AD ed all\u2019invio telematico dei dati all\u2019Agenzia delle Dogane.<\/p>\n\n\n\n<ul class=\"has-medium-font-size\"><li>Stampa registro accisa<\/li><li>Dichiarazione UTF<\/li><li>Invio Telematico<\/li><\/ul>\n\n\n\n<p><strong><span style=\"color:#7c0606\" class=\"has-inline-color\">Predisposto per la gestione del nuovo documento elettronico DA (ex doco\/IT) \u2013 regolamento CE 314\/2012.<\/span><\/strong><\/p>\n","protected":false},"excerpt":{"rendered":"<p>Funzionalit\u00e0 L\u2019Area Amministrazione e Finanza di Ad Hoc Cantina comprende tutti i moduli e le funzionalit\u00e0 richieste per la gestione delle problematiche contabili e fiscali, di incassi e pagamenti, dei conti correnti e la gestione del contenzioso. CONTABILITA\u2019 E FINANZA Il modulo gestisce tutte le registrazioni contabili, con o senza Iva, con aggiornamento in tempo&hellip; <br \/> <a class=\"read-more\" href=\"https:\/\/www.dierre.cloud\/?page_id=546\">Leggi tutto<\/a><\/p>\n","protected":false},"author":2,"featured_media":0,"parent":0,"menu_order":0,"comment_status":"closed","ping_status":"closed","template":"","meta":{"footnotes":""},"yoast_head":"<!-- This site is optimized with the Yoast SEO plugin v17.5 - https:\/\/yoast.com\/wordpress\/plugins\/seo\/ -->\n<title>FUNZIONALITA&#039; -<\/title>\n<meta name=\"robots\" content=\"index, follow, max-snippet:-1, max-image-preview:large, max-video-preview:-1\" \/>\n<link rel=\"canonical\" href=\"https:\/\/www.dierre.cloud\/?page_id=546\" \/>\n<meta property=\"og:locale\" content=\"it_IT\" \/>\n<meta property=\"og:type\" content=\"article\" \/>\n<meta property=\"og:title\" content=\"FUNZIONALITA&#039; -\" \/>\n<meta property=\"og:description\" content=\"Funzionalit\u00e0 L\u2019Area Amministrazione e Finanza di Ad Hoc Cantina comprende tutti i moduli e le funzionalit\u00e0 richieste per la gestione delle problematiche contabili e fiscali, di incassi e pagamenti, dei conti correnti e la gestione del contenzioso. CONTABILITA\u2019 E FINANZA Il modulo gestisce tutte le registrazioni contabili, con o senza Iva, con aggiornamento in tempo&hellip; Leggi tutto\" \/>\n<meta property=\"og:url\" content=\"https:\/\/www.dierre.cloud\/?page_id=546\" \/>\n<meta property=\"article:modified_time\" content=\"2021-04-28T14:22:40+00:00\" \/>\n<meta property=\"og:image\" content=\"http:\/\/www.cnrservice.it\/sites\/default\/files\/AdHocCantina\/banner_amministrazione.png\" \/>\n<meta name=\"twitter:card\" content=\"summary_large_image\" \/>\n<meta name=\"twitter:label1\" content=\"Tempo di lettura stimato\" \/>\n\t<meta name=\"twitter:data1\" content=\"3 minuti\" \/>\n<script type=\"application\/ld+json\" class=\"yoast-schema-graph\">{\"@context\":\"https:\/\/schema.org\",\"@graph\":[{\"@type\":\"WebSite\",\"@id\":\"https:\/\/www.dierre.cloud\/#website\",\"url\":\"https:\/\/www.dierre.cloud\/\",\"name\":\"\",\"description\":\"\",\"potentialAction\":[{\"@type\":\"SearchAction\",\"target\":{\"@type\":\"EntryPoint\",\"urlTemplate\":\"https:\/\/www.dierre.cloud\/?s={search_term_string}\"},\"query-input\":\"required name=search_term_string\"}],\"inLanguage\":\"it-IT\"},{\"@type\":\"ImageObject\",\"@id\":\"https:\/\/www.dierre.cloud\/?page_id=546#primaryimage\",\"inLanguage\":\"it-IT\",\"url\":\"http:\/\/www.cnrservice.it\/sites\/default\/files\/AdHocCantina\/banner_amministrazione.png\",\"contentUrl\":\"http:\/\/www.cnrservice.it\/sites\/default\/files\/AdHocCantina\/banner_amministrazione.png\"},{\"@type\":\"WebPage\",\"@id\":\"https:\/\/www.dierre.cloud\/?page_id=546#webpage\",\"url\":\"https:\/\/www.dierre.cloud\/?page_id=546\",\"name\":\"FUNZIONALITA' -\",\"isPartOf\":{\"@id\":\"https:\/\/www.dierre.cloud\/#website\"},\"primaryImageOfPage\":{\"@id\":\"https:\/\/www.dierre.cloud\/?page_id=546#primaryimage\"},\"datePublished\":\"2021-04-28T14:21:16+00:00\",\"dateModified\":\"2021-04-28T14:22:40+00:00\",\"breadcrumb\":{\"@id\":\"https:\/\/www.dierre.cloud\/?page_id=546#breadcrumb\"},\"inLanguage\":\"it-IT\",\"potentialAction\":[{\"@type\":\"ReadAction\",\"target\":[\"https:\/\/www.dierre.cloud\/?page_id=546\"]}]},{\"@type\":\"BreadcrumbList\",\"@id\":\"https:\/\/www.dierre.cloud\/?page_id=546#breadcrumb\",\"itemListElement\":[{\"@type\":\"ListItem\",\"position\":1,\"name\":\"Home\",\"item\":\"https:\/\/www.dierre.cloud\/\"},{\"@type\":\"ListItem\",\"position\":2,\"name\":\"FUNZIONALITA&#8217;\"}]}]}<\/script>\n<!-- \/ Yoast SEO plugin. -->","yoast_head_json":{"title":"FUNZIONALITA' -","robots":{"index":"index","follow":"follow","max-snippet":"max-snippet:-1","max-image-preview":"max-image-preview:large","max-video-preview":"max-video-preview:-1"},"canonical":"https:\/\/www.dierre.cloud\/?page_id=546","og_locale":"it_IT","og_type":"article","og_title":"FUNZIONALITA' -","og_description":"Funzionalit\u00e0 L\u2019Area Amministrazione e Finanza di Ad Hoc Cantina comprende tutti i moduli e le funzionalit\u00e0 richieste per la gestione delle problematiche contabili e fiscali, di incassi e pagamenti, dei conti correnti e la gestione del contenzioso. CONTABILITA\u2019 E FINANZA Il modulo gestisce tutte le registrazioni contabili, con o senza Iva, con aggiornamento in tempo&hellip; Leggi tutto","og_url":"https:\/\/www.dierre.cloud\/?page_id=546","article_modified_time":"2021-04-28T14:22:40+00:00","og_image":[{"url":"http:\/\/www.cnrservice.it\/sites\/default\/files\/AdHocCantina\/banner_amministrazione.png"}],"twitter_card":"summary_large_image","twitter_misc":{"Tempo di lettura stimato":"3 minuti"},"schema":{"@context":"https:\/\/schema.org","@graph":[{"@type":"WebSite","@id":"https:\/\/www.dierre.cloud\/#website","url":"https:\/\/www.dierre.cloud\/","name":"","description":"","potentialAction":[{"@type":"SearchAction","target":{"@type":"EntryPoint","urlTemplate":"https:\/\/www.dierre.cloud\/?s={search_term_string}"},"query-input":"required name=search_term_string"}],"inLanguage":"it-IT"},{"@type":"ImageObject","@id":"https:\/\/www.dierre.cloud\/?page_id=546#primaryimage","inLanguage":"it-IT","url":"http:\/\/www.cnrservice.it\/sites\/default\/files\/AdHocCantina\/banner_amministrazione.png","contentUrl":"http:\/\/www.cnrservice.it\/sites\/default\/files\/AdHocCantina\/banner_amministrazione.png"},{"@type":"WebPage","@id":"https:\/\/www.dierre.cloud\/?page_id=546#webpage","url":"https:\/\/www.dierre.cloud\/?page_id=546","name":"FUNZIONALITA' -","isPartOf":{"@id":"https:\/\/www.dierre.cloud\/#website"},"primaryImageOfPage":{"@id":"https:\/\/www.dierre.cloud\/?page_id=546#primaryimage"},"datePublished":"2021-04-28T14:21:16+00:00","dateModified":"2021-04-28T14:22:40+00:00","breadcrumb":{"@id":"https:\/\/www.dierre.cloud\/?page_id=546#breadcrumb"},"inLanguage":"it-IT","potentialAction":[{"@type":"ReadAction","target":["https:\/\/www.dierre.cloud\/?page_id=546"]}]},{"@type":"BreadcrumbList","@id":"https:\/\/www.dierre.cloud\/?page_id=546#breadcrumb","itemListElement":[{"@type":"ListItem","position":1,"name":"Home","item":"https:\/\/www.dierre.cloud\/"},{"@type":"ListItem","position":2,"name":"FUNZIONALITA&#8217;"}]}]}},"_links":{"self":[{"href":"https:\/\/www.dierre.cloud\/index.php?rest_route=\/wp\/v2\/pages\/546"}],"collection":[{"href":"https:\/\/www.dierre.cloud\/index.php?rest_route=\/wp\/v2\/pages"}],"about":[{"href":"https:\/\/www.dierre.cloud\/index.php?rest_route=\/wp\/v2\/types\/page"}],"author":[{"embeddable":true,"href":"https:\/\/www.dierre.cloud\/index.php?rest_route=\/wp\/v2\/users\/2"}],"replies":[{"embeddable":true,"href":"https:\/\/www.dierre.cloud\/index.php?rest_route=%2Fwp%2Fv2%2Fcomments&post=546"}],"version-history":[{"count":2,"href":"https:\/\/www.dierre.cloud\/index.php?rest_route=\/wp\/v2\/pages\/546\/revisions"}],"predecessor-version":[{"id":552,"href":"https:\/\/www.dierre.cloud\/index.php?rest_route=\/wp\/v2\/pages\/546\/revisions\/552"}],"wp:attachment":[{"href":"https:\/\/www.dierre.cloud\/index.php?rest_route=%2Fwp%2Fv2%2Fmedia&parent=546"}],"curies":[{"name":"wp","href":"https:\/\/api.w.org\/{rel}","templated":true}]}}