{"id":154,"date":"2021-04-14T14:21:58","date_gmt":"2021-04-14T14:21:58","guid":{"rendered":"https:\/\/dierre.cloud\/?page_id=154"},"modified":"2021-05-17T14:03:38","modified_gmt":"2021-05-17T14:03:38","slug":"fattura-elettronica","status":"publish","type":"page","link":"https:\/\/www.dierre.cloud\/?page_id=154","title":{"rendered":"FATTURA ELETTRONICA"},"content":{"rendered":"\n<p><br><strong><em><span class=\"has-inline-color has-vivid-cyan-blue-color\">FATTURAZIONE ELETTRONICA Zucchetti<\/span><\/em><\/strong> permette lo scambio di\u00a0<strong>fatture elettroniche tra privati (B2B) e con la Pubblica Amministrazione (B2G)<\/strong>. <br>Il servizio Zucchetti \u00e8\u00a0<strong>perfettamente integrato con il gestionale<\/strong>\u00a0utilizzato in azienda e automatizza l&#8217;intero iter di fatturazione.<br><br>Con la Fatturazione Elettronica Zucchetti gestisci completamente il processo di fatturazione elettronica, sia\u00a0<strong>ciclo attivo<\/strong>\u00a0che\u00a0<strong>ciclo passivo<\/strong>:<\/p>\n\n\n\n<div class=\"wp-block-image is-style-default\"><figure class=\"aligncenter size-large is-resized\"><a href=\"https:\/\/www.zucchetti.it\/website\/dms\/website\/prodotti\/sw\/Gestionali\/brochure\/Scheda_fatturazione_elettronica_AGG_19062019.pdf\"><img decoding=\"async\" loading=\"lazy\" src=\"https:\/\/www.dierre.cloud\/wp-content\/uploads\/2021\/05\/Icona-fatt.-elettronica-1024x576.jpg\" alt=\"\" class=\"wp-image-884\" width=\"315\" height=\"177\" srcset=\"https:\/\/www.dierre.cloud\/wp-content\/uploads\/2021\/05\/Icona-fatt.-elettronica-1024x576.jpg 1024w, https:\/\/www.dierre.cloud\/wp-content\/uploads\/2021\/05\/Icona-fatt.-elettronica-300x169.jpg 300w, https:\/\/www.dierre.cloud\/wp-content\/uploads\/2021\/05\/Icona-fatt.-elettronica-768x432.jpg 768w, https:\/\/www.dierre.cloud\/wp-content\/uploads\/2021\/05\/Icona-fatt.-elettronica.jpg 1280w\" sizes=\"(max-width: 315px) 100vw, 315px\" \/><\/a><\/figure><\/div>\n\n\n\n<ul><li><strong>Invii fatture elettroniche (nel formato XML)&nbsp;a privati&nbsp;e PA&nbsp;<\/strong>attraverso il Sistema di Interscambio dell&#8217;Agenzia delle Entrate<\/li><li><strong>Ricevi le fatture dai fornitori<\/strong>&nbsp;e gestisci completamente l&#8217;intero ciclo passivo.<\/li><li>Il&nbsp;<strong>sistema di notifiche<\/strong>&nbsp;ti informa sulla consegna del documento.<\/li><li><strong>Firmi digitalmente le fatture<\/strong>&nbsp;per garantire autenticit\u00e0, integrit\u00e0 e non ripudiabilit\u00e0 del documento.<\/li><li><a href=\"https:\/\/www.zucchetti.it\/website\/cms\/prodotto\/2637-software-conservazione-sostitutiva.html\"><strong>Conservi digitalmente<\/strong><\/a>&nbsp;le fatture a norma di legge.<\/li><\/ul>\n\n\n\n<p>Scegli per la tua attivit\u00e0 il\u00a0<strong>software di Fatturazione Elettronica Zucchetti<\/strong>, la soluzione one-click per gestire completamente il processo di fatturazione elettronica tra privati e verso la PA!<\/p>\n","protected":false},"excerpt":{"rendered":"<p>FATTURAZIONE ELETTRONICA Zucchetti permette lo scambio di\u00a0fatture elettroniche tra privati (B2B) e con la Pubblica Amministrazione (B2G). Il servizio Zucchetti \u00e8\u00a0perfettamente integrato con il gestionale\u00a0utilizzato in azienda e automatizza l&#8217;intero iter di fatturazione. Con la Fatturazione Elettronica Zucchetti gestisci completamente il processo di fatturazione elettronica, sia\u00a0ciclo attivo\u00a0che\u00a0ciclo passivo: Invii fatture elettroniche (nel formato XML)&nbsp;a privati&nbsp;e&hellip; <br \/> <a class=\"read-more\" href=\"https:\/\/www.dierre.cloud\/?page_id=154\">Leggi tutto<\/a><\/p>\n","protected":false},"author":2,"featured_media":0,"parent":0,"menu_order":0,"comment_status":"closed","ping_status":"closed","template":"","meta":{"footnotes":""},"yoast_head":"<!-- This site is optimized with the Yoast SEO plugin v17.5 - https:\/\/yoast.com\/wordpress\/plugins\/seo\/ -->\n<title>FATTURA ELETTRONICA -<\/title>\n<meta name=\"robots\" content=\"index, follow, max-snippet:-1, max-image-preview:large, max-video-preview:-1\" \/>\n<link rel=\"canonical\" href=\"https:\/\/www.dierre.cloud\/?page_id=154\" \/>\n<meta property=\"og:locale\" content=\"it_IT\" \/>\n<meta property=\"og:type\" content=\"article\" \/>\n<meta property=\"og:title\" content=\"FATTURA ELETTRONICA -\" \/>\n<meta property=\"og:description\" content=\"FATTURAZIONE ELETTRONICA Zucchetti permette lo scambio di\u00a0fatture elettroniche tra privati (B2B) e con la Pubblica Amministrazione (B2G). Il servizio Zucchetti \u00e8\u00a0perfettamente integrato con il gestionale\u00a0utilizzato in azienda e automatizza l&#8217;intero iter di fatturazione. Con la Fatturazione Elettronica Zucchetti gestisci completamente il processo di fatturazione elettronica, sia\u00a0ciclo attivo\u00a0che\u00a0ciclo passivo: Invii fatture elettroniche (nel formato XML)&nbsp;a privati&nbsp;e&hellip; Leggi tutto\" \/>\n<meta property=\"og:url\" content=\"https:\/\/www.dierre.cloud\/?page_id=154\" \/>\n<meta property=\"article:modified_time\" content=\"2021-05-17T14:03:38+00:00\" \/>\n<meta property=\"og:image\" content=\"https:\/\/www.dierre.cloud\/wp-content\/uploads\/2021\/05\/Icona-fatt.-elettronica-1024x576.jpg\" \/>\n<meta name=\"twitter:card\" content=\"summary_large_image\" \/>\n<meta name=\"twitter:label1\" content=\"Tempo di lettura stimato\" \/>\n\t<meta name=\"twitter:data1\" content=\"1 minuto\" \/>\n<script type=\"application\/ld+json\" class=\"yoast-schema-graph\">{\"@context\":\"https:\/\/schema.org\",\"@graph\":[{\"@type\":\"WebSite\",\"@id\":\"https:\/\/www.dierre.cloud\/#website\",\"url\":\"https:\/\/www.dierre.cloud\/\",\"name\":\"\",\"description\":\"\",\"potentialAction\":[{\"@type\":\"SearchAction\",\"target\":{\"@type\":\"EntryPoint\",\"urlTemplate\":\"https:\/\/www.dierre.cloud\/?s={search_term_string}\"},\"query-input\":\"required name=search_term_string\"}],\"inLanguage\":\"it-IT\"},{\"@type\":\"ImageObject\",\"@id\":\"https:\/\/www.dierre.cloud\/?page_id=154#primaryimage\",\"inLanguage\":\"it-IT\",\"url\":\"https:\/\/www.dierre.cloud\/wp-content\/uploads\/2021\/05\/Icona-fatt.-elettronica.jpg\",\"contentUrl\":\"https:\/\/www.dierre.cloud\/wp-content\/uploads\/2021\/05\/Icona-fatt.-elettronica.jpg\",\"width\":1280,\"height\":720},{\"@type\":\"WebPage\",\"@id\":\"https:\/\/www.dierre.cloud\/?page_id=154#webpage\",\"url\":\"https:\/\/www.dierre.cloud\/?page_id=154\",\"name\":\"FATTURA ELETTRONICA -\",\"isPartOf\":{\"@id\":\"https:\/\/www.dierre.cloud\/#website\"},\"primaryImageOfPage\":{\"@id\":\"https:\/\/www.dierre.cloud\/?page_id=154#primaryimage\"},\"datePublished\":\"2021-04-14T14:21:58+00:00\",\"dateModified\":\"2021-05-17T14:03:38+00:00\",\"breadcrumb\":{\"@id\":\"https:\/\/www.dierre.cloud\/?page_id=154#breadcrumb\"},\"inLanguage\":\"it-IT\",\"potentialAction\":[{\"@type\":\"ReadAction\",\"target\":[\"https:\/\/www.dierre.cloud\/?page_id=154\"]}]},{\"@type\":\"BreadcrumbList\",\"@id\":\"https:\/\/www.dierre.cloud\/?page_id=154#breadcrumb\",\"itemListElement\":[{\"@type\":\"ListItem\",\"position\":1,\"name\":\"Home\",\"item\":\"https:\/\/www.dierre.cloud\/\"},{\"@type\":\"ListItem\",\"position\":2,\"name\":\"FATTURA ELETTRONICA\"}]}]}<\/script>\n<!-- \/ Yoast SEO plugin. -->","yoast_head_json":{"title":"FATTURA ELETTRONICA -","robots":{"index":"index","follow":"follow","max-snippet":"max-snippet:-1","max-image-preview":"max-image-preview:large","max-video-preview":"max-video-preview:-1"},"canonical":"https:\/\/www.dierre.cloud\/?page_id=154","og_locale":"it_IT","og_type":"article","og_title":"FATTURA ELETTRONICA -","og_description":"FATTURAZIONE ELETTRONICA Zucchetti permette lo scambio di\u00a0fatture elettroniche tra privati (B2B) e con la Pubblica Amministrazione (B2G). Il servizio Zucchetti \u00e8\u00a0perfettamente integrato con il gestionale\u00a0utilizzato in azienda e automatizza l&#8217;intero iter di fatturazione. Con la Fatturazione Elettronica Zucchetti gestisci completamente il processo di fatturazione elettronica, sia\u00a0ciclo attivo\u00a0che\u00a0ciclo passivo: Invii fatture elettroniche (nel formato XML)&nbsp;a privati&nbsp;e&hellip; Leggi tutto","og_url":"https:\/\/www.dierre.cloud\/?page_id=154","article_modified_time":"2021-05-17T14:03:38+00:00","og_image":[{"url":"https:\/\/www.dierre.cloud\/wp-content\/uploads\/2021\/05\/Icona-fatt.-elettronica-1024x576.jpg"}],"twitter_card":"summary_large_image","twitter_misc":{"Tempo di lettura stimato":"1 minuto"},"schema":{"@context":"https:\/\/schema.org","@graph":[{"@type":"WebSite","@id":"https:\/\/www.dierre.cloud\/#website","url":"https:\/\/www.dierre.cloud\/","name":"","description":"","potentialAction":[{"@type":"SearchAction","target":{"@type":"EntryPoint","urlTemplate":"https:\/\/www.dierre.cloud\/?s={search_term_string}"},"query-input":"required name=search_term_string"}],"inLanguage":"it-IT"},{"@type":"ImageObject","@id":"https:\/\/www.dierre.cloud\/?page_id=154#primaryimage","inLanguage":"it-IT","url":"https:\/\/www.dierre.cloud\/wp-content\/uploads\/2021\/05\/Icona-fatt.-elettronica.jpg","contentUrl":"https:\/\/www.dierre.cloud\/wp-content\/uploads\/2021\/05\/Icona-fatt.-elettronica.jpg","width":1280,"height":720},{"@type":"WebPage","@id":"https:\/\/www.dierre.cloud\/?page_id=154#webpage","url":"https:\/\/www.dierre.cloud\/?page_id=154","name":"FATTURA ELETTRONICA -","isPartOf":{"@id":"https:\/\/www.dierre.cloud\/#website"},"primaryImageOfPage":{"@id":"https:\/\/www.dierre.cloud\/?page_id=154#primaryimage"},"datePublished":"2021-04-14T14:21:58+00:00","dateModified":"2021-05-17T14:03:38+00:00","breadcrumb":{"@id":"https:\/\/www.dierre.cloud\/?page_id=154#breadcrumb"},"inLanguage":"it-IT","potentialAction":[{"@type":"ReadAction","target":["https:\/\/www.dierre.cloud\/?page_id=154"]}]},{"@type":"BreadcrumbList","@id":"https:\/\/www.dierre.cloud\/?page_id=154#breadcrumb","itemListElement":[{"@type":"ListItem","position":1,"name":"Home","item":"https:\/\/www.dierre.cloud\/"},{"@type":"ListItem","position":2,"name":"FATTURA ELETTRONICA"}]}]}},"_links":{"self":[{"href":"https:\/\/www.dierre.cloud\/index.php?rest_route=\/wp\/v2\/pages\/154"}],"collection":[{"href":"https:\/\/www.dierre.cloud\/index.php?rest_route=\/wp\/v2\/pages"}],"about":[{"href":"https:\/\/www.dierre.cloud\/index.php?rest_route=\/wp\/v2\/types\/page"}],"author":[{"embeddable":true,"href":"https:\/\/www.dierre.cloud\/index.php?rest_route=\/wp\/v2\/users\/2"}],"replies":[{"embeddable":true,"href":"https:\/\/www.dierre.cloud\/index.php?rest_route=%2Fwp%2Fv2%2Fcomments&post=154"}],"version-history":[{"count":10,"href":"https:\/\/www.dierre.cloud\/index.php?rest_route=\/wp\/v2\/pages\/154\/revisions"}],"predecessor-version":[{"id":887,"href":"https:\/\/www.dierre.cloud\/index.php?rest_route=\/wp\/v2\/pages\/154\/revisions\/887"}],"wp:attachment":[{"href":"https:\/\/www.dierre.cloud\/index.php?rest_route=%2Fwp%2Fv2%2Fmedia&parent=154"}],"curies":[{"name":"wp","href":"https:\/\/api.w.org\/{rel}","templated":true}]}}