{"id":152,"date":"2021-04-14T14:21:58","date_gmt":"2021-04-14T14:21:58","guid":{"rendered":"https:\/\/dierre.cloud\/?page_id=152"},"modified":"2021-05-17T13:59:30","modified_gmt":"2021-05-17T13:59:30","slug":"infobusiness","status":"publish","type":"page","link":"https:\/\/www.dierre.cloud\/?page_id=152","title":{"rendered":"INFOBUSINESS"},"content":{"rendered":"\n<p class=\"has-medium-font-size\"><strong><span class=\"has-inline-color has-vivid-cyan-blue-color\">I TUOI EXCEL ESPLODONO?!\u00a0<br>NON HAI LE INFORMAZIONI CHE VUOI?!\u00a0<br>VUOI AVERE DATI CERTI E DINAMICI PER PRENDERE LE GIUSTE DECISIONI?!<\/span><\/strong><\/p>\n\n\n\n<div class=\"wp-block-image is-style-default\"><figure class=\"aligncenter size-large is-resized\"><a href=\"https:\/\/www.dirosatullio.it\/wp-content\/uploads\/2015\/12\/business_intelligence_brochure.pdf\"><img decoding=\"async\" loading=\"lazy\" src=\"https:\/\/www.dierre.cloud\/wp-content\/uploads\/2021\/04\/Icona-INFOBUSINESS-1024x576.jpg\" alt=\"\" class=\"wp-image-647\" width=\"330\" height=\"185\" srcset=\"https:\/\/www.dierre.cloud\/wp-content\/uploads\/2021\/04\/Icona-INFOBUSINESS-1024x576.jpg 1024w, https:\/\/www.dierre.cloud\/wp-content\/uploads\/2021\/04\/Icona-INFOBUSINESS-300x169.jpg 300w, https:\/\/www.dierre.cloud\/wp-content\/uploads\/2021\/04\/Icona-INFOBUSINESS-768x432.jpg 768w, https:\/\/www.dierre.cloud\/wp-content\/uploads\/2021\/04\/Icona-INFOBUSINESS.jpg 1280w\" sizes=\"(max-width: 330px) 100vw, 330px\" \/><\/a><\/figure><\/div>\n\n\n\n<p><strong><em><span class=\"has-inline-color has-vivid-cyan-blue-color\">INFOBUSINESS<\/span><\/em><\/strong> \u00e8 la\u00a0<strong>soluzione di business intelligence<\/strong>\u00a0sviluppata per\u00a0<strong>analizzare<\/strong>\u00a0correttamente i\u00a0<strong>dati relativi all\u2019andamento della tua azienda<\/strong>\u00a0e\u00a0<strong>supportarti nelle scelte strategiche<\/strong>\u00a0che riguardano la tua attivit\u00e0. Grazie a InfoBusiness tutti i dati sparsi nei diversi sistemi, database, file excel ecc. vengono organizzati in maniera coerente, consentendoti cos\u00ec di disporre di risultati sempre aggiornati e attendibili\u00a0<strong>in grado di evidenziarti puntualmente le criticit\u00e0 e i punti di forza del tuo business<\/strong>.<\/p>\n\n\n\n<p>Con l\u2019ausilio di strumenti grafici, mappe e cruscotti, la business intelligence Zucchetti trasforma anche i numeri aziendali pi\u00f9 complessi in informazioni di semplice e immediata interpretazione.<\/p>\n\n\n\n<p>Creare formule, proiezioni, effettuare query e costruire analisi partendo da zero, avendo cos\u00ec il pieno governo della situazione, non \u00e8 mai stato cos\u00ec facile!<\/p>\n","protected":false},"excerpt":{"rendered":"<p>I TUOI EXCEL ESPLODONO?!\u00a0NON HAI LE INFORMAZIONI CHE VUOI?!\u00a0VUOI AVERE DATI CERTI E DINAMICI PER PRENDERE LE GIUSTE DECISIONI?! INFOBUSINESS \u00e8 la\u00a0soluzione di business intelligence\u00a0sviluppata per\u00a0analizzare\u00a0correttamente i\u00a0dati relativi all\u2019andamento della tua azienda\u00a0e\u00a0supportarti nelle scelte strategiche\u00a0che riguardano la tua attivit\u00e0. Grazie a InfoBusiness tutti i dati sparsi nei diversi sistemi, database, file excel ecc. vengono organizzati&hellip; <br \/> <a class=\"read-more\" href=\"https:\/\/www.dierre.cloud\/?page_id=152\">Leggi tutto<\/a><\/p>\n","protected":false},"author":2,"featured_media":0,"parent":0,"menu_order":0,"comment_status":"closed","ping_status":"closed","template":"","meta":{"footnotes":""},"yoast_head":"<!-- This site is optimized with the Yoast SEO plugin v17.5 - https:\/\/yoast.com\/wordpress\/plugins\/seo\/ -->\n<title>INFOBUSINESS -<\/title>\n<meta name=\"robots\" content=\"index, follow, max-snippet:-1, max-image-preview:large, max-video-preview:-1\" \/>\n<link rel=\"canonical\" href=\"https:\/\/www.dierre.cloud\/?page_id=152\" \/>\n<meta property=\"og:locale\" content=\"it_IT\" \/>\n<meta property=\"og:type\" content=\"article\" \/>\n<meta property=\"og:title\" content=\"INFOBUSINESS -\" \/>\n<meta property=\"og:description\" content=\"I TUOI EXCEL ESPLODONO?!\u00a0NON HAI LE INFORMAZIONI CHE VUOI?!\u00a0VUOI AVERE DATI CERTI E DINAMICI PER PRENDERE LE GIUSTE DECISIONI?! INFOBUSINESS \u00e8 la\u00a0soluzione di business intelligence\u00a0sviluppata per\u00a0analizzare\u00a0correttamente i\u00a0dati relativi all\u2019andamento della tua azienda\u00a0e\u00a0supportarti nelle scelte strategiche\u00a0che riguardano la tua attivit\u00e0. Grazie a InfoBusiness tutti i dati sparsi nei diversi sistemi, database, file excel ecc. vengono organizzati&hellip; Leggi tutto\" \/>\n<meta property=\"og:url\" content=\"https:\/\/www.dierre.cloud\/?page_id=152\" \/>\n<meta property=\"article:modified_time\" content=\"2021-05-17T13:59:30+00:00\" \/>\n<meta property=\"og:image\" content=\"https:\/\/www.dierre.cloud\/wp-content\/uploads\/2021\/04\/Icona-INFOBUSINESS-1024x576.jpg\" \/>\n<meta name=\"twitter:card\" content=\"summary_large_image\" \/>\n<meta name=\"twitter:label1\" content=\"Tempo di lettura stimato\" \/>\n\t<meta name=\"twitter:data1\" content=\"1 minuto\" \/>\n<script type=\"application\/ld+json\" class=\"yoast-schema-graph\">{\"@context\":\"https:\/\/schema.org\",\"@graph\":[{\"@type\":\"WebSite\",\"@id\":\"https:\/\/www.dierre.cloud\/#website\",\"url\":\"https:\/\/www.dierre.cloud\/\",\"name\":\"\",\"description\":\"\",\"potentialAction\":[{\"@type\":\"SearchAction\",\"target\":{\"@type\":\"EntryPoint\",\"urlTemplate\":\"https:\/\/www.dierre.cloud\/?s={search_term_string}\"},\"query-input\":\"required name=search_term_string\"}],\"inLanguage\":\"it-IT\"},{\"@type\":\"ImageObject\",\"@id\":\"https:\/\/www.dierre.cloud\/?page_id=152#primaryimage\",\"inLanguage\":\"it-IT\",\"url\":\"https:\/\/www.dierre.cloud\/wp-content\/uploads\/2021\/04\/Icona-INFOBUSINESS.jpg\",\"contentUrl\":\"https:\/\/www.dierre.cloud\/wp-content\/uploads\/2021\/04\/Icona-INFOBUSINESS.jpg\",\"width\":1280,\"height\":720},{\"@type\":\"WebPage\",\"@id\":\"https:\/\/www.dierre.cloud\/?page_id=152#webpage\",\"url\":\"https:\/\/www.dierre.cloud\/?page_id=152\",\"name\":\"INFOBUSINESS -\",\"isPartOf\":{\"@id\":\"https:\/\/www.dierre.cloud\/#website\"},\"primaryImageOfPage\":{\"@id\":\"https:\/\/www.dierre.cloud\/?page_id=152#primaryimage\"},\"datePublished\":\"2021-04-14T14:21:58+00:00\",\"dateModified\":\"2021-05-17T13:59:30+00:00\",\"breadcrumb\":{\"@id\":\"https:\/\/www.dierre.cloud\/?page_id=152#breadcrumb\"},\"inLanguage\":\"it-IT\",\"potentialAction\":[{\"@type\":\"ReadAction\",\"target\":[\"https:\/\/www.dierre.cloud\/?page_id=152\"]}]},{\"@type\":\"BreadcrumbList\",\"@id\":\"https:\/\/www.dierre.cloud\/?page_id=152#breadcrumb\",\"itemListElement\":[{\"@type\":\"ListItem\",\"position\":1,\"name\":\"Home\",\"item\":\"https:\/\/www.dierre.cloud\/\"},{\"@type\":\"ListItem\",\"position\":2,\"name\":\"INFOBUSINESS\"}]}]}<\/script>\n<!-- \/ Yoast SEO plugin. -->","yoast_head_json":{"title":"INFOBUSINESS -","robots":{"index":"index","follow":"follow","max-snippet":"max-snippet:-1","max-image-preview":"max-image-preview:large","max-video-preview":"max-video-preview:-1"},"canonical":"https:\/\/www.dierre.cloud\/?page_id=152","og_locale":"it_IT","og_type":"article","og_title":"INFOBUSINESS -","og_description":"I TUOI EXCEL ESPLODONO?!\u00a0NON HAI LE INFORMAZIONI CHE VUOI?!\u00a0VUOI AVERE DATI CERTI E DINAMICI PER PRENDERE LE GIUSTE DECISIONI?! INFOBUSINESS \u00e8 la\u00a0soluzione di business intelligence\u00a0sviluppata per\u00a0analizzare\u00a0correttamente i\u00a0dati relativi all\u2019andamento della tua azienda\u00a0e\u00a0supportarti nelle scelte strategiche\u00a0che riguardano la tua attivit\u00e0. Grazie a InfoBusiness tutti i dati sparsi nei diversi sistemi, database, file excel ecc. vengono organizzati&hellip; Leggi tutto","og_url":"https:\/\/www.dierre.cloud\/?page_id=152","article_modified_time":"2021-05-17T13:59:30+00:00","og_image":[{"url":"https:\/\/www.dierre.cloud\/wp-content\/uploads\/2021\/04\/Icona-INFOBUSINESS-1024x576.jpg"}],"twitter_card":"summary_large_image","twitter_misc":{"Tempo di lettura stimato":"1 minuto"},"schema":{"@context":"https:\/\/schema.org","@graph":[{"@type":"WebSite","@id":"https:\/\/www.dierre.cloud\/#website","url":"https:\/\/www.dierre.cloud\/","name":"","description":"","potentialAction":[{"@type":"SearchAction","target":{"@type":"EntryPoint","urlTemplate":"https:\/\/www.dierre.cloud\/?s={search_term_string}"},"query-input":"required name=search_term_string"}],"inLanguage":"it-IT"},{"@type":"ImageObject","@id":"https:\/\/www.dierre.cloud\/?page_id=152#primaryimage","inLanguage":"it-IT","url":"https:\/\/www.dierre.cloud\/wp-content\/uploads\/2021\/04\/Icona-INFOBUSINESS.jpg","contentUrl":"https:\/\/www.dierre.cloud\/wp-content\/uploads\/2021\/04\/Icona-INFOBUSINESS.jpg","width":1280,"height":720},{"@type":"WebPage","@id":"https:\/\/www.dierre.cloud\/?page_id=152#webpage","url":"https:\/\/www.dierre.cloud\/?page_id=152","name":"INFOBUSINESS -","isPartOf":{"@id":"https:\/\/www.dierre.cloud\/#website"},"primaryImageOfPage":{"@id":"https:\/\/www.dierre.cloud\/?page_id=152#primaryimage"},"datePublished":"2021-04-14T14:21:58+00:00","dateModified":"2021-05-17T13:59:30+00:00","breadcrumb":{"@id":"https:\/\/www.dierre.cloud\/?page_id=152#breadcrumb"},"inLanguage":"it-IT","potentialAction":[{"@type":"ReadAction","target":["https:\/\/www.dierre.cloud\/?page_id=152"]}]},{"@type":"BreadcrumbList","@id":"https:\/\/www.dierre.cloud\/?page_id=152#breadcrumb","itemListElement":[{"@type":"ListItem","position":1,"name":"Home","item":"https:\/\/www.dierre.cloud\/"},{"@type":"ListItem","position":2,"name":"INFOBUSINESS"}]}]}},"_links":{"self":[{"href":"https:\/\/www.dierre.cloud\/index.php?rest_route=\/wp\/v2\/pages\/152"}],"collection":[{"href":"https:\/\/www.dierre.cloud\/index.php?rest_route=\/wp\/v2\/pages"}],"about":[{"href":"https:\/\/www.dierre.cloud\/index.php?rest_route=\/wp\/v2\/types\/page"}],"author":[{"embeddable":true,"href":"https:\/\/www.dierre.cloud\/index.php?rest_route=\/wp\/v2\/users\/2"}],"replies":[{"embeddable":true,"href":"https:\/\/www.dierre.cloud\/index.php?rest_route=%2Fwp%2Fv2%2Fcomments&post=152"}],"version-history":[{"count":8,"href":"https:\/\/www.dierre.cloud\/index.php?rest_route=\/wp\/v2\/pages\/152\/revisions"}],"predecessor-version":[{"id":883,"href":"https:\/\/www.dierre.cloud\/index.php?rest_route=\/wp\/v2\/pages\/152\/revisions\/883"}],"wp:attachment":[{"href":"https:\/\/www.dierre.cloud\/index.php?rest_route=%2Fwp%2Fv2%2Fmedia&parent=152"}],"curies":[{"name":"wp","href":"https:\/\/api.w.org\/{rel}","templated":true}]}}